{"id":881,"date":"2022-08-23T10:40:13","date_gmt":"2022-08-23T10:40:13","guid":{"rendered":"https:\/\/dermillusion.fr\/?page_id=881"},"modified":"2026-03-25T13:15:49","modified_gmt":"2026-03-25T13:15:49","slug":"mentions-legales","status":"publish","type":"page","link":"https:\/\/dermillusion.fr\/?page_id=881","title":{"rendered":"Mentions l\u00e9gales"},"content":{"rendered":"\n<div style=\"height:50px\" aria-hidden=\"true\" class=\"wp-block-spacer\"><\/div>\n\n\n\n<h2 class=\"wp-block-heading has-text-align-center has-text-color\" style=\"color:#0a1128\"><strong>mentions l\u00e9gales<\/strong><\/h2>\n\n\n\n<div style=\"height:20px\" aria-hidden=\"true\" class=\"wp-block-spacer\"><\/div>\n\n\n\n<p><\/p>\n\n\n\n<p>Conform\u00e9ment aux dispositions des articles 6\u2011III et 19 de la Loi n\u00b02004\u2011575 du 21 juin 2004 pour la Confiance dans l\u2019\u00c9conomie Num\u00e9rique (LCEN), il est port\u00e9 \u00e0 la connaissance des utilisateurs du site les pr\u00e9sentes mentions l\u00e9gales.<\/p>\n\n\n\n<p><strong>\u00c9diteur du site :<\/strong><\/p>\n\n\n\n<ul class=\"wp-block-list\">\n<li>Nom : Aur\u00e9lie ROBERT<\/li>\n\n\n\n<li>Statut : Auto\u2011entrepreneure<\/li>\n\n\n\n<li>SIRET : 914 855 788 00016<\/li>\n\n\n\n<li>Adresse : 871 route de la Roche sur Yon, 85310 Rives\u2011de\u2011l\u2019Yon, France<\/li>\n\n\n\n<li>Email : (\u00e0 compl\u00e9ter)<\/li>\n\n\n\n<li>T\u00e9l\u00e9phone : (\u00e0 compl\u00e9ter)<\/li>\n\n\n\n<li>TVA : TVA non applicable \u2013 article 293 B du CGI<\/li>\n<\/ul>\n\n\n\n<p><strong>H\u00e9bergement du site:<\/strong><\/p>\n\n\n\n<ul class=\"wp-block-list\">\n<li>H\u00e9bergeur : Hostinger International Ltd.<\/li>\n\n\n\n<li>Adresse : 61 Lordou Vironos Street, 6023 Larnaca, Chypre<\/li>\n\n\n\n<li>Site web : https:\/\/www.hostinger.fr<\/li>\n<\/ul>\n\n\n\n<p><strong>Propri\u00e9t\u00e9 intellectuelle<\/strong><br>L\u2019ensemble des contenus pr\u00e9sents sur le site (textes, images, photographies, vid\u00e9os, graphismes, logo, \u00e9l\u00e9ments visuels, etc.) est la propri\u00e9t\u00e9 exclusive de Aur\u00e9lie ROBERT, sauf mention contraire.<br>Toute reproduction, repr\u00e9sentation, modification, publication, adaptation, totale ou partielle, de ces \u00e9l\u00e9ments, quel que soit le moyen ou le proc\u00e9d\u00e9 utilis\u00e9, est interdite sans autorisation \u00e9crite pr\u00e9alable.<\/p>\n\n\n\n<p><strong>Donn\u00e9es personnelles<\/strong><br>Les donn\u00e9es personnelles \u00e9ventuellement collect\u00e9es sur ce site sont utilis\u00e9es uniquement dans le cadre des \u00e9changes professionnels.<br>Conform\u00e9ment au R\u00e8glement G\u00e9n\u00e9ral sur la Protection des Donn\u00e9es (RGPD), l\u2019utilisateur dispose d\u2019un droit d\u2019acc\u00e8s, de rectification, de suppression et d\u2019opposition concernant ses donn\u00e9es.<br>Pour exercer ces droits, il peut contacter l\u2019\u00e9diteur du site via les coordonn\u00e9es indiqu\u00e9es ci\u2011dessus.<\/p>\n\n\n\n<p><strong>Cookies<\/strong><br>Le site peut utiliser des cookies afin d\u2019am\u00e9liorer l\u2019exp\u00e9rience utilisateur et de r\u00e9aliser des statistiques de fr\u00e9quentation.<br>Lors de la premi\u00e8re visite, un bandeau permet d\u2019accepter ou de refuser les cookies. L\u2019utilisateur peut modifier ses pr\u00e9f\u00e9rences \u00e0 tout moment.<\/p>\n\n\n\n<p><strong>Responsabilit\u00e9<\/strong><br>Aur\u00e9lie ROBERT s\u2019efforce de fournir des informations fiables et mises \u00e0 jour. Toutefois, elle ne saurait \u00eatre tenue responsable des erreurs, omissions ou indisponibilit\u00e9s du site.<br>L\u2019utilisateur reconna\u00eet utiliser le site sous sa responsabilit\u00e9 exclusive<\/p>\n","protected":false},"excerpt":{"rendered":"<p>mentions l\u00e9gales Conform\u00e9ment aux dispositions des articles 6\u2011III et 19 de la Loi n\u00b02004\u2011575 du 21 juin 2004 pour la [&hellip;]<\/p>\n","protected":false},"author":1,"featured_media":0,"parent":0,"menu_order":0,"comment_status":"closed","ping_status":"closed","template":"","meta":{"_monsterinsights_skip_tracking":false,"_monsterinsights_sitenote_active":false,"_monsterinsights_sitenote_note":"","_monsterinsights_sitenote_category":0,"site-sidebar-layout":"default","site-content-layout":"","ast-site-content-layout":"default","site-content-style":"default","site-sidebar-style":"default","ast-global-header-display":"","ast-banner-title-visibility":"","ast-main-header-display":"","ast-hfb-above-header-display":"","ast-hfb-below-header-display":"","ast-hfb-mobile-header-display":"","site-post-title":"disabled","ast-breadcrumbs-content":"","ast-featured-img":"","footer-sml-layout":"","ast-disable-related-posts":"","theme-transparent-header-meta":"","adv-header-id-meta":"","stick-header-meta":"","header-above-stick-meta":"","header-main-stick-meta":"","header-below-stick-meta":"","astra-migrate-meta-layouts":"set","ast-page-background-enabled":"default","ast-page-background-meta":{"desktop":{"background-color":"var(--ast-global-color-4)","background-image":"","background-repeat":"repeat","background-position":"center center","background-size":"auto","background-attachment":"scroll","background-type":"","background-media":"","overlay-type":"","overlay-color":"","overlay-opacity":"","overlay-gradient":""},"tablet":{"background-color":"","background-image":"","background-repeat":"repeat","background-position":"center center","background-size":"auto","background-attachment":"scroll","background-type":"","background-media":"","overlay-type":"","overlay-color":"","overlay-opacity":"","overlay-gradient":""},"mobile":{"background-color":"","background-image":"","background-repeat":"repeat","background-position":"center center","background-size":"auto","background-attachment":"scroll","background-type":"","background-media":"","overlay-type":"","overlay-color":"","overlay-opacity":"","overlay-gradient":""}},"ast-content-background-meta":{"desktop":{"background-color":"var(--ast-global-color-5)","background-image":"","background-repeat":"repeat","background-position":"center center","background-size":"auto","background-attachment":"scroll","background-type":"","background-media":"","overlay-type":"","overlay-color":"","overlay-opacity":"","overlay-gradient":""},"tablet":{"background-color":"var(--ast-global-color-5)","background-image":"","background-repeat":"repeat","background-position":"center center","background-size":"auto","background-attachment":"scroll","background-type":"","background-media":"","overlay-type":"","overlay-color":"","overlay-opacity":"","overlay-gradient":""},"mobile":{"background-color":"var(--ast-global-color-5)","background-image":"","background-repeat":"repeat","background-position":"center center","background-size":"auto","background-attachment":"scroll","background-type":"","background-media":"","overlay-type":"","overlay-color":"","overlay-opacity":"","overlay-gradient":""}},"cybocfi_hide_featured_image":"","footnotes":""},"class_list":["post-881","page","type-page","status-publish","hentry"],"yoast_head":"<!-- This site is optimized with the Yoast SEO plugin v27.3 - https:\/\/yoast.com\/product\/yoast-seo-wordpress\/ -->\n<title>Mentions l\u00e9gales - dermillusion.fr<\/title>\n<meta name=\"robots\" content=\"index, follow, max-snippet:-1, max-image-preview:large, max-video-preview:-1\" \/>\n<link rel=\"canonical\" href=\"https:\/\/dermillusion.fr\/?page_id=881\" \/>\n<meta property=\"og:locale\" content=\"fr_FR\" \/>\n<meta property=\"og:type\" content=\"article\" \/>\n<meta property=\"og:title\" content=\"Mentions l\u00e9gales - dermillusion.fr\" \/>\n<meta property=\"og:description\" content=\"mentions l\u00e9gales Conform\u00e9ment aux dispositions des articles 6\u2011III et 19 de la Loi n\u00b02004\u2011575 du 21 juin 2004 pour la [&hellip;]\" \/>\n<meta property=\"og:url\" content=\"https:\/\/dermillusion.fr\/?page_id=881\" \/>\n<meta property=\"og:site_name\" content=\"dermillusion.fr\" \/>\n<meta property=\"article:modified_time\" content=\"2026-03-25T13:15:49+00:00\" \/>\n<meta name=\"twitter:card\" content=\"summary_large_image\" \/>\n<meta name=\"twitter:label1\" content=\"Dur\u00e9e de lecture estim\u00e9e\" \/>\n\t<meta name=\"twitter:data1\" content=\"2 minutes\" \/>\n<script type=\"application\/ld+json\" class=\"yoast-schema-graph\">{\"@context\":\"https:\\\/\\\/schema.org\",\"@graph\":[{\"@type\":\"WebPage\",\"@id\":\"https:\\\/\\\/dermillusion.fr\\\/?page_id=881\",\"url\":\"https:\\\/\\\/dermillusion.fr\\\/?page_id=881\",\"name\":\"Mentions l\u00e9gales - dermillusion.fr\",\"isPartOf\":{\"@id\":\"https:\\\/\\\/dermillusion.fr\\\/#website\"},\"datePublished\":\"2022-08-23T10:40:13+00:00\",\"dateModified\":\"2026-03-25T13:15:49+00:00\",\"breadcrumb\":{\"@id\":\"https:\\\/\\\/dermillusion.fr\\\/?page_id=881#breadcrumb\"},\"inLanguage\":\"fr-FR\",\"potentialAction\":[{\"@type\":\"ReadAction\",\"target\":[\"https:\\\/\\\/dermillusion.fr\\\/?page_id=881\"]}]},{\"@type\":\"BreadcrumbList\",\"@id\":\"https:\\\/\\\/dermillusion.fr\\\/?page_id=881#breadcrumb\",\"itemListElement\":[{\"@type\":\"ListItem\",\"position\":1,\"name\":\"Home\",\"item\":\"https:\\\/\\\/dermillusion.fr\\\/\"},{\"@type\":\"ListItem\",\"position\":2,\"name\":\"Mentions l\u00e9gales\"}]},{\"@type\":\"WebSite\",\"@id\":\"https:\\\/\\\/dermillusion.fr\\\/#website\",\"url\":\"https:\\\/\\\/dermillusion.fr\\\/\",\"name\":\"dermillusion.fr\",\"description\":\"Maquillage permanent\",\"publisher\":{\"@id\":\"https:\\\/\\\/dermillusion.fr\\\/#organization\"},\"potentialAction\":[{\"@type\":\"SearchAction\",\"target\":{\"@type\":\"EntryPoint\",\"urlTemplate\":\"https:\\\/\\\/dermillusion.fr\\\/?s={search_term_string}\"},\"query-input\":{\"@type\":\"PropertyValueSpecification\",\"valueRequired\":true,\"valueName\":\"search_term_string\"}}],\"inLanguage\":\"fr-FR\"},{\"@type\":\"Organization\",\"@id\":\"https:\\\/\\\/dermillusion.fr\\\/#organization\",\"name\":\"dermillusion.fr\",\"url\":\"https:\\\/\\\/dermillusion.fr\\\/\",\"logo\":{\"@type\":\"ImageObject\",\"inLanguage\":\"fr-FR\",\"@id\":\"https:\\\/\\\/dermillusion.fr\\\/#\\\/schema\\\/logo\\\/image\\\/\",\"url\":\"https:\\\/\\\/dermillusion.fr\\\/wp-content\\\/uploads\\\/2026\\\/03\\\/cropped-Design-sans-titre.png\",\"contentUrl\":\"https:\\\/\\\/dermillusion.fr\\\/wp-content\\\/uploads\\\/2026\\\/03\\\/cropped-Design-sans-titre.png\",\"width\":600,\"height\":325,\"caption\":\"dermillusion.fr\"},\"image\":{\"@id\":\"https:\\\/\\\/dermillusion.fr\\\/#\\\/schema\\\/logo\\\/image\\\/\"}}]}<\/script>\n<!-- \/ Yoast SEO plugin. -->","yoast_head_json":{"title":"Mentions l\u00e9gales - dermillusion.fr","robots":{"index":"index","follow":"follow","max-snippet":"max-snippet:-1","max-image-preview":"max-image-preview:large","max-video-preview":"max-video-preview:-1"},"canonical":"https:\/\/dermillusion.fr\/?page_id=881","og_locale":"fr_FR","og_type":"article","og_title":"Mentions l\u00e9gales - dermillusion.fr","og_description":"mentions l\u00e9gales Conform\u00e9ment aux dispositions des articles 6\u2011III et 19 de la Loi n\u00b02004\u2011575 du 21 juin 2004 pour la [&hellip;]","og_url":"https:\/\/dermillusion.fr\/?page_id=881","og_site_name":"dermillusion.fr","article_modified_time":"2026-03-25T13:15:49+00:00","twitter_card":"summary_large_image","twitter_misc":{"Dur\u00e9e de lecture estim\u00e9e":"2 minutes"},"schema":{"@context":"https:\/\/schema.org","@graph":[{"@type":"WebPage","@id":"https:\/\/dermillusion.fr\/?page_id=881","url":"https:\/\/dermillusion.fr\/?page_id=881","name":"Mentions l\u00e9gales - dermillusion.fr","isPartOf":{"@id":"https:\/\/dermillusion.fr\/#website"},"datePublished":"2022-08-23T10:40:13+00:00","dateModified":"2026-03-25T13:15:49+00:00","breadcrumb":{"@id":"https:\/\/dermillusion.fr\/?page_id=881#breadcrumb"},"inLanguage":"fr-FR","potentialAction":[{"@type":"ReadAction","target":["https:\/\/dermillusion.fr\/?page_id=881"]}]},{"@type":"BreadcrumbList","@id":"https:\/\/dermillusion.fr\/?page_id=881#breadcrumb","itemListElement":[{"@type":"ListItem","position":1,"name":"Home","item":"https:\/\/dermillusion.fr\/"},{"@type":"ListItem","position":2,"name":"Mentions l\u00e9gales"}]},{"@type":"WebSite","@id":"https:\/\/dermillusion.fr\/#website","url":"https:\/\/dermillusion.fr\/","name":"dermillusion.fr","description":"Maquillage permanent","publisher":{"@id":"https:\/\/dermillusion.fr\/#organization"},"potentialAction":[{"@type":"SearchAction","target":{"@type":"EntryPoint","urlTemplate":"https:\/\/dermillusion.fr\/?s={search_term_string}"},"query-input":{"@type":"PropertyValueSpecification","valueRequired":true,"valueName":"search_term_string"}}],"inLanguage":"fr-FR"},{"@type":"Organization","@id":"https:\/\/dermillusion.fr\/#organization","name":"dermillusion.fr","url":"https:\/\/dermillusion.fr\/","logo":{"@type":"ImageObject","inLanguage":"fr-FR","@id":"https:\/\/dermillusion.fr\/#\/schema\/logo\/image\/","url":"https:\/\/dermillusion.fr\/wp-content\/uploads\/2026\/03\/cropped-Design-sans-titre.png","contentUrl":"https:\/\/dermillusion.fr\/wp-content\/uploads\/2026\/03\/cropped-Design-sans-titre.png","width":600,"height":325,"caption":"dermillusion.fr"},"image":{"@id":"https:\/\/dermillusion.fr\/#\/schema\/logo\/image\/"}}]}},"_links":{"self":[{"href":"https:\/\/dermillusion.fr\/index.php?rest_route=\/wp\/v2\/pages\/881","targetHints":{"allow":["GET"]}}],"collection":[{"href":"https:\/\/dermillusion.fr\/index.php?rest_route=\/wp\/v2\/pages"}],"about":[{"href":"https:\/\/dermillusion.fr\/index.php?rest_route=\/wp\/v2\/types\/page"}],"author":[{"embeddable":true,"href":"https:\/\/dermillusion.fr\/index.php?rest_route=\/wp\/v2\/users\/1"}],"replies":[{"embeddable":true,"href":"https:\/\/dermillusion.fr\/index.php?rest_route=%2Fwp%2Fv2%2Fcomments&post=881"}],"version-history":[{"count":7,"href":"https:\/\/dermillusion.fr\/index.php?rest_route=\/wp\/v2\/pages\/881\/revisions"}],"predecessor-version":[{"id":2772,"href":"https:\/\/dermillusion.fr\/index.php?rest_route=\/wp\/v2\/pages\/881\/revisions\/2772"}],"wp:attachment":[{"href":"https:\/\/dermillusion.fr\/index.php?rest_route=%2Fwp%2Fv2%2Fmedia&parent=881"}],"curies":[{"name":"wp","href":"https:\/\/api.w.org\/{rel}","templated":true}]}}