{"id":738,"date":"2022-08-17T08:05:52","date_gmt":"2022-08-17T08:05:52","guid":{"rendered":"https:\/\/dermillusion.fr\/?page_id=738"},"modified":"2023-11-04T14:36:24","modified_gmt":"2023-11-04T14:36:24","slug":"taches-de-rousseurs-grains-de-beaute","status":"publish","type":"page","link":"https:\/\/dermillusion.fr\/?page_id=738","title":{"rendered":"T\u00e2ches de rousseurs &#038; grains de beaut\u00e9"},"content":{"rendered":"\n<div class=\"wp-block-cover alignfull is-light has-parallax\" style=\"min-height:630px;aspect-ratio:unset;\"><span aria-hidden=\"true\" class=\"wp-block-cover__background has-background-dim\"><\/span><div role=\"img\" class=\"wp-block-cover__image-background wp-image-740 has-parallax\" style=\"background-position:50% 50%;background-image:url(https:\/\/dermillusion.fr\/wp-content\/uploads\/2022\/08\/Taches-rousseurs.jpg)\"><\/div><div class=\"wp-block-cover__inner-container is-layout-flow wp-block-cover-is-layout-flow\">\n<div style=\"height:50px\" aria-hidden=\"true\" class=\"wp-block-spacer\"><\/div>\n\n\n\n<div class=\"wp-block-kevinbatdorf-animate-in-view\" animatein=\"animate-in-view\" enabled=\"1\" once=\"1\" direction=\"-1\" threshold=\"1\" timing=\"1\" offset=\"2rem\">\n<h2 class=\"has-text-align-left has-ast-global-color-5-color has-text-color has-x-large-font-size wp-block-heading\">T\u00e2ches de rousseurs &amp; grains de beaut\u00e9<\/h2>\n<\/div>\n\n\n\n<div class=\"wp-block-columns is-layout-flex wp-container-core-columns-is-layout-28f84493 wp-block-columns-is-layout-flex\">\n<div class=\"wp-block-column has-ast-global-color-5-color has-text-color is-layout-flow wp-block-column-is-layout-flow\">\n<div class=\"wp-block-kevinbatdorf-animate-in-view\" animatein=\"animate-in-view\" enabled=\"1\" once=\"1\" direction=\"1\" threshold=\"1\" timing=\"1\" offset=\"2rem\">\n<p class=\"has-ast-global-color-5-color has-text-color\">Freckles : les t\u00e2ches de rousseurs sont \u00e0 la mode !<\/p>\n<\/div>\n\n\n\n<div class=\"wp-block-kevinbatdorf-animate-in-view\" animatein=\"animate-in-view\" enabled=\"1\" once=\"1\" direction=\"1\" threshold=\"1\" timing=\"1\" offset=\"2rem\">\n<p class=\"has-ast-global-color-5-color has-text-color\">La tendance \u00ab\u00a0Freckles\u00a0\u00bb a fait son apparition sur les podiums en 2011 et est devenue cet \u00e9t\u00e9, l&rsquo;obsession beaut\u00e9 du moment&#8230;<br>\u00ab\u00a0Freckles\u00a0\u00bb : qu\u00e9sako ?<\/p>\n<\/div>\n\n\n\n<div class=\"wp-block-kevinbatdorf-animate-in-view\" animatein=\"animate-in-view\" enabled=\"1\" once=\"1\" direction=\"1\" threshold=\"1\" timing=\"1\" offset=\"2rem\">\n<p class=\"has-ast-global-color-5-color has-text-color\">\u00ab\u00a0Freckles\u00a0\u00bb signifie&nbsp; tout simplement \u00ab\u00a0t\u00e2ches de rousseurs\u00a0\u00bb. Certaines filles ont la chance d&rsquo;en arborer naturellement mais dans la majorit\u00e9 des cas, ces petites pigmentations si sexy se font rares\u2026 Alors pourquoi ne pas s&rsquo;en faire, gr\u00e2ce au maquillage permanent ? C&rsquo;est \u00e7a la tendance \u00ab\u00a0Freckles\u00a0\u00bb !<\/p>\n<\/div>\n<\/div>\n\n\n\n<div class=\"wp-block-column has-ast-global-color-5-color has-text-color is-layout-flow wp-block-column-is-layout-flow\">\n<div class=\"wp-block-kevinbatdorf-animate-in-view\" animatein=\"animate-in-view\" enabled=\"1\" once=\"1\" direction=\"1\" threshold=\"1\" timing=\"1\" offset=\"2rem\">\n<p class=\"has-ast-global-color-5-color has-text-color\">Si les t\u00e2ches de rousseur donnent l&rsquo;effet d&rsquo;une certaine douceur, le grain de beaut\u00e9 se pare quant \u00e0 lui d&rsquo;une aura plus sulfureuse ou du moins plus piquante. Angelina Jolie, Marion Cotillard, Natalie Portman ou encore Laetitia Casta, autant de beaut\u00e9s iconiques qui ont toutes un grain de beaut\u00e9 qui les rendent litt\u00e9ralement irr\u00e9sistibles. Signe distinctif qui apporte un certain caract\u00e8re \u00e0 celle qui le porte, on comprend mieux pourquoi longtemps les femmes l&rsquo;ont dessin\u00e9 sur leur visage et leur d\u00e9collet\u00e9.<\/p>\n<\/div>\n<\/div>\n<\/div>\n<\/div><\/div>\n\n\n\n<div style=\"height:50px\" aria-hidden=\"true\" class=\"wp-block-spacer\"><\/div>\n\n\n\n<div class=\"wp-block-columns is-layout-flex wp-container-core-columns-is-layout-28f84493 wp-block-columns-is-layout-flex\">\n<div class=\"wp-block-column is-vertically-aligned-top is-layout-flow wp-block-column-is-layout-flow\" style=\"flex-basis:50%\">\n<h3 class=\"has-ast-global-color-1-color has-text-color wp-block-heading\" style=\"font-size:30px\"><br>freckles Sunburn<\/h3>\n\n\n\n<p>Juste quelques taches de rousseur sur le nez et qui s&rsquo;\u00e9talent l\u00e9g\u00e8rement sur les joues. Effet coup de soleil.<\/p>\n\n\n\n<h4 class=\"has-ast-global-color-1-color has-text-color wp-block-heading\" style=\"font-style:normal;font-weight:100;text-transform:capitalize\">prix : <br>Cr\u00e9ation : 120 \u20ac (Retouche \u00e0 1 mois incluse)<br>Entretien : de 12 \u00e0 18 mois 60 \u20ac<\/h4>\n\n\n\n<div class=\"wp-block-buttons is-layout-flex wp-block-buttons-is-layout-flex\">\n<div class=\"wp-block-button alignleft has-custom-font-size is-style-outline is-style-outline--1\" style=\"font-size:15px\"><a class=\"wp-block-button__link wp-element-button\" href=\"https:\/\/www.planity.com\/dermillusion-85310-rives-de-lyon\" style=\"border-radius:10px\" target=\"_blank\" rel=\"noreferrer noopener\"><strong>Prendre rdv<\/strong><\/a><\/div>\n<\/div>\n<\/div>\n\n\n\n<div class=\"wp-block-column is-vertically-aligned-top is-layout-flow wp-block-column-is-layout-flow\" style=\"flex-basis:50%\">\n<figure class=\"wp-block-image aligncenter size-full is-resized\"><img fetchpriority=\"high\" decoding=\"async\" src=\"https:\/\/dermillusion.fr\/wp-content\/uploads\/2022\/08\/freckles-Sunburn-1.jpg\" alt=\"\" class=\"wp-image-743\" width=\"500\" height=\"335\" srcset=\"https:\/\/dermillusion.fr\/wp-content\/uploads\/2022\/08\/freckles-Sunburn-1.jpg 652w, https:\/\/dermillusion.fr\/wp-content\/uploads\/2022\/08\/freckles-Sunburn-1-300x202.jpg 300w, https:\/\/dermillusion.fr\/wp-content\/uploads\/2022\/08\/freckles-Sunburn-1-500x336.jpg 500w\" sizes=\"(max-width: 500px) 100vw, 500px\" \/><figcaption class=\"wp-element-caption\">Freckles sunburn<\/figcaption><\/figure>\n<\/div>\n<\/div>\n\n\n\n<div style=\"height:30px\" aria-hidden=\"true\" class=\"wp-block-spacer\"><\/div>\n\n\n\n<hr class=\"wp-block-separator has-text-color has-ast-global-color-1-color has-alpha-channel-opacity has-ast-global-color-1-background-color has-background is-style-dots\"\/>\n\n\n\n<div class=\"wp-block-columns is-layout-flex wp-container-core-columns-is-layout-28f84493 wp-block-columns-is-layout-flex\">\n<div class=\"wp-block-column is-vertically-aligned-top is-layout-flow wp-block-column-is-layout-flow\" style=\"flex-basis:50%\">\n<h3 class=\"has-ast-global-color-1-color has-text-color wp-block-heading\" style=\"font-size:30px\"><br>freckles Looking good<\/h3>\n\n\n\n<p>Elles s&rsquo;\u00e9talent g\u00e9n\u00e9reusement sur les joues et le nez, ainsi elles r\u00e9haussent le teint et font ressortir les pommettes.<\/p>\n\n\n\n<p>Effet bonne mine !<\/p>\n\n\n\n<h4 class=\"has-ast-global-color-1-color has-text-color wp-block-heading\" style=\"font-style:normal;font-weight:100;text-transform:capitalize\">prix : <br>Cr\u00e9ation : 150 \u20ac (Retouche \u00e0 1 mois incluse)<br>Entretien : de 12 \u00e0 18 mois 75 \u20ac<\/h4>\n\n\n\n<div class=\"wp-block-buttons is-layout-flex wp-block-buttons-is-layout-flex\">\n<div class=\"wp-block-button alignleft has-custom-font-size is-style-outline is-style-outline--2\" style=\"font-size:15px\"><a class=\"wp-block-button__link wp-element-button\" href=\"https:\/\/www.planity.com\/dermillusion-85310-rives-de-lyon\" style=\"border-radius:10px\" target=\"_blank\" rel=\"noreferrer noopener\"><strong>Prendre rdv<\/strong><\/a><\/div>\n<\/div>\n<\/div>\n\n\n\n<div class=\"wp-block-column is-vertically-aligned-top is-layout-flow wp-block-column-is-layout-flow\" style=\"flex-basis:50%\">\n<figure class=\"wp-block-image aligncenter size-full is-resized\"><img decoding=\"async\" src=\"https:\/\/dermillusion.fr\/wp-content\/uploads\/2022\/08\/freckles-Sunburn.jpg\" alt=\"\" class=\"wp-image-742\" width=\"500\" height=\"625\" srcset=\"https:\/\/dermillusion.fr\/wp-content\/uploads\/2022\/08\/freckles-Sunburn.jpg 564w, https:\/\/dermillusion.fr\/wp-content\/uploads\/2022\/08\/freckles-Sunburn-240x300.jpg 240w, https:\/\/dermillusion.fr\/wp-content\/uploads\/2022\/08\/freckles-Sunburn-500x625.jpg 500w\" sizes=\"(max-width: 500px) 100vw, 500px\" \/><figcaption class=\"wp-element-caption\">Freckles looking good<\/figcaption><\/figure>\n<\/div>\n<\/div>\n\n\n\n<div style=\"height:30px\" aria-hidden=\"true\" class=\"wp-block-spacer\"><\/div>\n\n\n\n<hr class=\"wp-block-separator has-text-color has-ast-global-color-1-color has-alpha-channel-opacity has-ast-global-color-1-background-color has-background is-style-dots\"\/>\n\n\n\n<div class=\"wp-block-columns is-layout-flex wp-container-core-columns-is-layout-28f84493 wp-block-columns-is-layout-flex\">\n<div class=\"wp-block-column is-vertically-aligned-top is-layout-flow wp-block-column-is-layout-flow\" style=\"flex-basis:50%\">\n<h3 class=\"has-ast-global-color-1-color has-text-color wp-block-heading\" style=\"font-size:30px\"><br>freckles style<\/h3>\n\n\n\n<p>Elles s&rsquo;\u00e9toffent sur les joues le nez, le front et l&rsquo;oval du visage telle une vraie rousse.<\/p>\n\n\n\n<p>&nbsp;La belle rouquine!<\/p>\n\n\n\n<h4 class=\"has-ast-global-color-1-color has-text-color wp-block-heading\" style=\"font-style:normal;font-weight:100;text-transform:capitalize\">prix : <br>Cr\u00e9ation 180\u20ac (Retouche \u00e0 1 mois incluse)<br>Entretien : de 12 \u00e0 18 mois 90 \u20ac<\/h4>\n\n\n\n<div class=\"wp-block-buttons is-layout-flex wp-block-buttons-is-layout-flex\">\n<div class=\"wp-block-button alignleft has-custom-font-size is-style-outline is-style-outline--3\" style=\"font-size:15px\"><a class=\"wp-block-button__link wp-element-button\" href=\"https:\/\/www.planity.com\/dermillusion-85310-rives-de-lyon\" style=\"border-radius:10px\" target=\"_blank\" rel=\"noreferrer noopener\"><strong>Prendre rdv<\/strong><\/a><\/div>\n<\/div>\n<\/div>\n\n\n\n<div class=\"wp-block-column is-vertically-aligned-top is-layout-flow wp-block-column-is-layout-flow\" style=\"flex-basis:50%\">\n<figure class=\"wp-block-image aligncenter size-full is-resized\"><img decoding=\"async\" src=\"https:\/\/dermillusion.fr\/wp-content\/uploads\/2022\/08\/freckles-style.jpg\" alt=\"\" class=\"wp-image-744\" width=\"500\" height=\"512\" srcset=\"https:\/\/dermillusion.fr\/wp-content\/uploads\/2022\/08\/freckles-style.jpg 399w, https:\/\/dermillusion.fr\/wp-content\/uploads\/2022\/08\/freckles-style-293x300.jpg 293w\" sizes=\"(max-width: 500px) 100vw, 500px\" \/><figcaption class=\"wp-element-caption\">Freckles style<\/figcaption><\/figure>\n<\/div>\n<\/div>\n\n\n\n<div style=\"height:30px\" aria-hidden=\"true\" class=\"wp-block-spacer\"><\/div>\n\n\n\n<hr class=\"wp-block-separator has-text-color has-ast-global-color-1-color has-alpha-channel-opacity has-ast-global-color-1-background-color has-background is-style-dots\"\/>\n\n\n\n<div class=\"wp-block-columns is-layout-flex wp-container-core-columns-is-layout-28f84493 wp-block-columns-is-layout-flex\">\n<div class=\"wp-block-column is-vertically-aligned-top is-layout-flow wp-block-column-is-layout-flow\" style=\"flex-basis:50%\">\n<h3 class=\"has-ast-global-color-1-color has-text-color wp-block-heading\" style=\"font-size:30px\"><br>Le grain de beaut\u00e9<\/h3>\n\n\n\n<p>La petite touche qui en dit beaucoup. Sais-tu que chaque emplacement \u00e0 sa signification ?<\/p>\n\n\n\n<p>en voici quelques unes !<\/p>\n\n\n\n<h4 class=\"has-ast-global-color-1-color has-text-color wp-block-heading\" style=\"font-style:normal;font-weight:100;text-transform:capitalize\">prix : <br>1 grain de beaut\u00e9 : 50 \u20ac<br>2 \u00e0 3 grains de beaut\u00e9 : 90 \u20ac<\/h4>\n\n\n\n<div class=\"wp-block-buttons is-layout-flex wp-block-buttons-is-layout-flex\">\n<div class=\"wp-block-button alignleft has-custom-font-size is-style-outline is-style-outline--4\" style=\"font-size:15px\"><a class=\"wp-block-button__link wp-element-button\" href=\"https:\/\/www.planity.com\/dermillusion-85310-rives-de-lyon\" style=\"border-radius:10px\" target=\"_blank\" rel=\"noreferrer noopener\"><strong>Prendre rdv<\/strong><\/a><\/div>\n<\/div>\n<\/div>\n\n\n\n<div class=\"wp-block-column is-vertically-aligned-top is-layout-flow wp-block-column-is-layout-flow\" style=\"flex-basis:50%\">\n<figure class=\"wp-block-image aligncenter size-full is-resized\"><img loading=\"lazy\" decoding=\"async\" src=\"https:\/\/dermillusion.fr\/wp-content\/uploads\/2022\/08\/Grain-beaute.jpg\" alt=\"\" class=\"wp-image-747\" width=\"500\" height=\"334\" srcset=\"https:\/\/dermillusion.fr\/wp-content\/uploads\/2022\/08\/Grain-beaute.jpg 1000w, https:\/\/dermillusion.fr\/wp-content\/uploads\/2022\/08\/Grain-beaute-300x201.jpg 300w, https:\/\/dermillusion.fr\/wp-content\/uploads\/2022\/08\/Grain-beaute-768x515.jpg 768w, https:\/\/dermillusion.fr\/wp-content\/uploads\/2022\/08\/Grain-beaute-500x335.jpg 500w, https:\/\/dermillusion.fr\/wp-content\/uploads\/2022\/08\/Grain-beaute-800x536.jpg 800w\" sizes=\"(max-width: 500px) 100vw, 500px\" \/><figcaption class=\"wp-element-caption\">Grain de beaut\u00e9<\/figcaption><\/figure>\n<\/div>\n<\/div>\n\n\n\n<div style=\"height:50px\" aria-hidden=\"true\" class=\"wp-block-spacer\"><\/div>\n","protected":false},"excerpt":{"rendered":"<p>freckles Sunburn Juste quelques taches de rousseur sur le nez et qui s&rsquo;\u00e9talent l\u00e9g\u00e8rement sur les joues. Effet coup de [&hellip;]<\/p>\n","protected":false},"author":1,"featured_media":0,"parent":0,"menu_order":0,"comment_status":"closed","ping_status":"closed","template":"","meta":{"_monsterinsights_skip_tracking":false,"_monsterinsights_sitenote_active":false,"_monsterinsights_sitenote_note":"","_monsterinsights_sitenote_category":0,"site-sidebar-layout":"default","site-content-layout":"","ast-site-content-layout":"default","site-content-style":"default","site-sidebar-style":"default","ast-global-header-display":"","ast-banner-title-visibility":"","ast-main-header-display":"","ast-hfb-above-header-display":"","ast-hfb-below-header-display":"","ast-hfb-mobile-header-display":"","site-post-title":"disabled","ast-breadcrumbs-content":"","ast-featured-img":"","footer-sml-layout":"","ast-disable-related-posts":"","theme-transparent-header-meta":"","adv-header-id-meta":"","stick-header-meta":"","header-above-stick-meta":"","header-main-stick-meta":"","header-below-stick-meta":"","astra-migrate-meta-layouts":"default","ast-page-background-enabled":"default","ast-page-background-meta":{"desktop":{"background-color":"var(--ast-global-color-4)","background-image":"","background-repeat":"repeat","background-position":"center center","background-size":"auto","background-attachment":"scroll","background-type":"","background-media":"","overlay-type":"","overlay-color":"","overlay-opacity":"","overlay-gradient":""},"tablet":{"background-color":"","background-image":"","background-repeat":"repeat","background-position":"center center","background-size":"auto","background-attachment":"scroll","background-type":"","background-media":"","overlay-type":"","overlay-color":"","overlay-opacity":"","overlay-gradient":""},"mobile":{"background-color":"","background-image":"","background-repeat":"repeat","background-position":"center center","background-size":"auto","background-attachment":"scroll","background-type":"","background-media":"","overlay-type":"","overlay-color":"","overlay-opacity":"","overlay-gradient":""}},"ast-content-background-meta":{"desktop":{"background-color":"var(--ast-global-color-5)","background-image":"","background-repeat":"repeat","background-position":"center center","background-size":"auto","background-attachment":"scroll","background-type":"","background-media":"","overlay-type":"","overlay-color":"","overlay-opacity":"","overlay-gradient":""},"tablet":{"background-color":"var(--ast-global-color-5)","background-image":"","background-repeat":"repeat","background-position":"center center","background-size":"auto","background-attachment":"scroll","background-type":"","background-media":"","overlay-type":"","overlay-color":"","overlay-opacity":"","overlay-gradient":""},"mobile":{"background-color":"var(--ast-global-color-5)","background-image":"","background-repeat":"repeat","background-position":"center center","background-size":"auto","background-attachment":"scroll","background-type":"","background-media":"","overlay-type":"","overlay-color":"","overlay-opacity":"","overlay-gradient":""}},"cybocfi_hide_featured_image":"","footnotes":""},"class_list":["post-738","page","type-page","status-publish","hentry"],"yoast_head":"<!-- This site is optimized with the Yoast SEO plugin v27.3 - https:\/\/yoast.com\/product\/yoast-seo-wordpress\/ -->\n<title>T\u00e2ches de rousseurs &amp; grains de beaut\u00e9 - dermillusion.fr<\/title>\n<meta name=\"robots\" content=\"index, follow, max-snippet:-1, max-image-preview:large, max-video-preview:-1\" \/>\n<link rel=\"canonical\" href=\"https:\/\/dermillusion.fr\/?page_id=738\" \/>\n<meta property=\"og:locale\" content=\"fr_FR\" \/>\n<meta property=\"og:type\" content=\"article\" \/>\n<meta property=\"og:title\" content=\"T\u00e2ches de rousseurs &amp; grains de beaut\u00e9 - dermillusion.fr\" \/>\n<meta property=\"og:description\" content=\"freckles Sunburn Juste quelques taches de rousseur sur le nez et qui s&rsquo;\u00e9talent l\u00e9g\u00e8rement sur les joues. Effet coup de [&hellip;]\" \/>\n<meta property=\"og:url\" content=\"https:\/\/dermillusion.fr\/?page_id=738\" \/>\n<meta property=\"og:site_name\" content=\"dermillusion.fr\" \/>\n<meta property=\"article:modified_time\" content=\"2023-11-04T14:36:24+00:00\" \/>\n<meta property=\"og:image\" content=\"https:\/\/dermillusion.fr\/wp-content\/uploads\/2022\/08\/freckles-Sunburn-1.jpg\" \/>\n\t<meta property=\"og:image:width\" content=\"652\" \/>\n\t<meta property=\"og:image:height\" content=\"438\" \/>\n\t<meta property=\"og:image:type\" content=\"image\/jpeg\" \/>\n<meta name=\"twitter:card\" content=\"summary_large_image\" \/>\n<meta name=\"twitter:label1\" content=\"Dur\u00e9e de lecture estim\u00e9e\" \/>\n\t<meta name=\"twitter:data1\" content=\"2 minutes\" \/>\n<script type=\"application\/ld+json\" class=\"yoast-schema-graph\">{\"@context\":\"https:\\\/\\\/schema.org\",\"@graph\":[{\"@type\":\"WebPage\",\"@id\":\"https:\\\/\\\/dermillusion.fr\\\/?page_id=738\",\"url\":\"https:\\\/\\\/dermillusion.fr\\\/?page_id=738\",\"name\":\"T\u00e2ches de rousseurs & grains de beaut\u00e9 - dermillusion.fr\",\"isPartOf\":{\"@id\":\"https:\\\/\\\/dermillusion.fr\\\/#website\"},\"primaryImageOfPage\":{\"@id\":\"https:\\\/\\\/dermillusion.fr\\\/?page_id=738#primaryimage\"},\"image\":{\"@id\":\"https:\\\/\\\/dermillusion.fr\\\/?page_id=738#primaryimage\"},\"thumbnailUrl\":\"https:\\\/\\\/dermillusion.fr\\\/wp-content\\\/uploads\\\/2022\\\/08\\\/freckles-Sunburn-1.jpg\",\"datePublished\":\"2022-08-17T08:05:52+00:00\",\"dateModified\":\"2023-11-04T14:36:24+00:00\",\"breadcrumb\":{\"@id\":\"https:\\\/\\\/dermillusion.fr\\\/?page_id=738#breadcrumb\"},\"inLanguage\":\"fr-FR\",\"potentialAction\":[{\"@type\":\"ReadAction\",\"target\":[\"https:\\\/\\\/dermillusion.fr\\\/?page_id=738\"]}]},{\"@type\":\"ImageObject\",\"inLanguage\":\"fr-FR\",\"@id\":\"https:\\\/\\\/dermillusion.fr\\\/?page_id=738#primaryimage\",\"url\":\"https:\\\/\\\/dermillusion.fr\\\/wp-content\\\/uploads\\\/2022\\\/08\\\/freckles-Sunburn-1.jpg\",\"contentUrl\":\"https:\\\/\\\/dermillusion.fr\\\/wp-content\\\/uploads\\\/2022\\\/08\\\/freckles-Sunburn-1.jpg\",\"width\":652,\"height\":438},{\"@type\":\"BreadcrumbList\",\"@id\":\"https:\\\/\\\/dermillusion.fr\\\/?page_id=738#breadcrumb\",\"itemListElement\":[{\"@type\":\"ListItem\",\"position\":1,\"name\":\"Home\",\"item\":\"https:\\\/\\\/dermillusion.fr\\\/\"},{\"@type\":\"ListItem\",\"position\":2,\"name\":\"T\u00e2ches de rousseurs &#038; grains de beaut\u00e9\"}]},{\"@type\":\"WebSite\",\"@id\":\"https:\\\/\\\/dermillusion.fr\\\/#website\",\"url\":\"https:\\\/\\\/dermillusion.fr\\\/\",\"name\":\"dermillusion.fr\",\"description\":\"Maquillage permanent\",\"publisher\":{\"@id\":\"https:\\\/\\\/dermillusion.fr\\\/#organization\"},\"potentialAction\":[{\"@type\":\"SearchAction\",\"target\":{\"@type\":\"EntryPoint\",\"urlTemplate\":\"https:\\\/\\\/dermillusion.fr\\\/?s={search_term_string}\"},\"query-input\":{\"@type\":\"PropertyValueSpecification\",\"valueRequired\":true,\"valueName\":\"search_term_string\"}}],\"inLanguage\":\"fr-FR\"},{\"@type\":\"Organization\",\"@id\":\"https:\\\/\\\/dermillusion.fr\\\/#organization\",\"name\":\"dermillusion.fr\",\"url\":\"https:\\\/\\\/dermillusion.fr\\\/\",\"logo\":{\"@type\":\"ImageObject\",\"inLanguage\":\"fr-FR\",\"@id\":\"https:\\\/\\\/dermillusion.fr\\\/#\\\/schema\\\/logo\\\/image\\\/\",\"url\":\"https:\\\/\\\/dermillusion.fr\\\/wp-content\\\/uploads\\\/2026\\\/03\\\/cropped-Design-sans-titre.png\",\"contentUrl\":\"https:\\\/\\\/dermillusion.fr\\\/wp-content\\\/uploads\\\/2026\\\/03\\\/cropped-Design-sans-titre.png\",\"width\":600,\"height\":325,\"caption\":\"dermillusion.fr\"},\"image\":{\"@id\":\"https:\\\/\\\/dermillusion.fr\\\/#\\\/schema\\\/logo\\\/image\\\/\"}}]}<\/script>\n<!-- \/ Yoast SEO plugin. -->","yoast_head_json":{"title":"T\u00e2ches de rousseurs & grains de beaut\u00e9 - dermillusion.fr","robots":{"index":"index","follow":"follow","max-snippet":"max-snippet:-1","max-image-preview":"max-image-preview:large","max-video-preview":"max-video-preview:-1"},"canonical":"https:\/\/dermillusion.fr\/?page_id=738","og_locale":"fr_FR","og_type":"article","og_title":"T\u00e2ches de rousseurs & grains de beaut\u00e9 - dermillusion.fr","og_description":"freckles Sunburn Juste quelques taches de rousseur sur le nez et qui s&rsquo;\u00e9talent l\u00e9g\u00e8rement sur les joues. Effet coup de [&hellip;]","og_url":"https:\/\/dermillusion.fr\/?page_id=738","og_site_name":"dermillusion.fr","article_modified_time":"2023-11-04T14:36:24+00:00","og_image":[{"width":652,"height":438,"url":"https:\/\/dermillusion.fr\/wp-content\/uploads\/2022\/08\/freckles-Sunburn-1.jpg","type":"image\/jpeg"}],"twitter_card":"summary_large_image","twitter_misc":{"Dur\u00e9e de lecture estim\u00e9e":"2 minutes"},"schema":{"@context":"https:\/\/schema.org","@graph":[{"@type":"WebPage","@id":"https:\/\/dermillusion.fr\/?page_id=738","url":"https:\/\/dermillusion.fr\/?page_id=738","name":"T\u00e2ches de rousseurs & grains de beaut\u00e9 - dermillusion.fr","isPartOf":{"@id":"https:\/\/dermillusion.fr\/#website"},"primaryImageOfPage":{"@id":"https:\/\/dermillusion.fr\/?page_id=738#primaryimage"},"image":{"@id":"https:\/\/dermillusion.fr\/?page_id=738#primaryimage"},"thumbnailUrl":"https:\/\/dermillusion.fr\/wp-content\/uploads\/2022\/08\/freckles-Sunburn-1.jpg","datePublished":"2022-08-17T08:05:52+00:00","dateModified":"2023-11-04T14:36:24+00:00","breadcrumb":{"@id":"https:\/\/dermillusion.fr\/?page_id=738#breadcrumb"},"inLanguage":"fr-FR","potentialAction":[{"@type":"ReadAction","target":["https:\/\/dermillusion.fr\/?page_id=738"]}]},{"@type":"ImageObject","inLanguage":"fr-FR","@id":"https:\/\/dermillusion.fr\/?page_id=738#primaryimage","url":"https:\/\/dermillusion.fr\/wp-content\/uploads\/2022\/08\/freckles-Sunburn-1.jpg","contentUrl":"https:\/\/dermillusion.fr\/wp-content\/uploads\/2022\/08\/freckles-Sunburn-1.jpg","width":652,"height":438},{"@type":"BreadcrumbList","@id":"https:\/\/dermillusion.fr\/?page_id=738#breadcrumb","itemListElement":[{"@type":"ListItem","position":1,"name":"Home","item":"https:\/\/dermillusion.fr\/"},{"@type":"ListItem","position":2,"name":"T\u00e2ches de rousseurs &#038; grains de beaut\u00e9"}]},{"@type":"WebSite","@id":"https:\/\/dermillusion.fr\/#website","url":"https:\/\/dermillusion.fr\/","name":"dermillusion.fr","description":"Maquillage permanent","publisher":{"@id":"https:\/\/dermillusion.fr\/#organization"},"potentialAction":[{"@type":"SearchAction","target":{"@type":"EntryPoint","urlTemplate":"https:\/\/dermillusion.fr\/?s={search_term_string}"},"query-input":{"@type":"PropertyValueSpecification","valueRequired":true,"valueName":"search_term_string"}}],"inLanguage":"fr-FR"},{"@type":"Organization","@id":"https:\/\/dermillusion.fr\/#organization","name":"dermillusion.fr","url":"https:\/\/dermillusion.fr\/","logo":{"@type":"ImageObject","inLanguage":"fr-FR","@id":"https:\/\/dermillusion.fr\/#\/schema\/logo\/image\/","url":"https:\/\/dermillusion.fr\/wp-content\/uploads\/2026\/03\/cropped-Design-sans-titre.png","contentUrl":"https:\/\/dermillusion.fr\/wp-content\/uploads\/2026\/03\/cropped-Design-sans-titre.png","width":600,"height":325,"caption":"dermillusion.fr"},"image":{"@id":"https:\/\/dermillusion.fr\/#\/schema\/logo\/image\/"}}]}},"_links":{"self":[{"href":"https:\/\/dermillusion.fr\/index.php?rest_route=\/wp\/v2\/pages\/738","targetHints":{"allow":["GET"]}}],"collection":[{"href":"https:\/\/dermillusion.fr\/index.php?rest_route=\/wp\/v2\/pages"}],"about":[{"href":"https:\/\/dermillusion.fr\/index.php?rest_route=\/wp\/v2\/types\/page"}],"author":[{"embeddable":true,"href":"https:\/\/dermillusion.fr\/index.php?rest_route=\/wp\/v2\/users\/1"}],"replies":[{"embeddable":true,"href":"https:\/\/dermillusion.fr\/index.php?rest_route=%2Fwp%2Fv2%2Fcomments&post=738"}],"version-history":[{"count":13,"href":"https:\/\/dermillusion.fr\/index.php?rest_route=\/wp\/v2\/pages\/738\/revisions"}],"predecessor-version":[{"id":1062,"href":"https:\/\/dermillusion.fr\/index.php?rest_route=\/wp\/v2\/pages\/738\/revisions\/1062"}],"wp:attachment":[{"href":"https:\/\/dermillusion.fr\/index.php?rest_route=%2Fwp%2Fv2%2Fmedia&parent=738"}],"curies":[{"name":"wp","href":"https:\/\/api.w.org\/{rel}","templated":true}]}}