{"id":691,"date":"2022-08-17T08:04:33","date_gmt":"2022-08-17T08:04:33","guid":{"rendered":"https:\/\/dermillusion.fr\/?page_id=691"},"modified":"2023-11-04T14:28:53","modified_gmt":"2023-11-04T14:28:53","slug":"levres","status":"publish","type":"page","link":"https:\/\/dermillusion.fr\/?page_id=691","title":{"rendered":"L\u00e8vres"},"content":{"rendered":"\n<div class=\"wp-block-cover alignfull is-light has-parallax\" style=\"min-height:630px;aspect-ratio:unset;\"><span aria-hidden=\"true\" class=\"wp-block-cover__background has-background-dim\"><\/span><div role=\"img\" class=\"wp-block-cover__image-background wp-image-697 has-parallax\" style=\"background-position:50% 50%;background-image:url(https:\/\/dermillusion.fr\/wp-content\/uploads\/2022\/08\/Levres.jpg)\"><\/div><div class=\"wp-block-cover__inner-container is-layout-flow wp-block-cover-is-layout-flow\">\n<div style=\"height:50px\" aria-hidden=\"true\" class=\"wp-block-spacer\"><\/div>\n\n\n\n<div class=\"wp-block-kevinbatdorf-animate-in-view\" animatein=\"animate-in-view\" enabled=\"1\" once=\"1\" direction=\"-1\" threshold=\"1\" timing=\"1\" offset=\"2rem\">\n<h2 class=\"has-text-align-left has-ast-global-color-5-color has-text-color has-x-large-font-size wp-block-heading\">lES L\u00e8vres<\/h2>\n<\/div>\n\n\n\n<div class=\"wp-block-columns is-layout-flex wp-container-core-columns-is-layout-28f84493 wp-block-columns-is-layout-flex\">\n<div class=\"wp-block-column has-ast-global-color-5-color has-text-color is-layout-flow wp-block-column-is-layout-flow\">\n<div class=\"wp-block-kevinbatdorf-animate-in-view\" animatein=\"animate-in-view\" enabled=\"1\" once=\"1\" direction=\"1\" threshold=\"1\" timing=\"1\" offset=\"2rem\">\n<p class=\"has-ast-global-color-5-color has-text-color\">Parce que les rouges \u00e0 l\u00e8vres qui bavent y&rsquo;en \u00e0 marre !!<\/p>\n<\/div>\n\n\n\n<div class=\"wp-block-kevinbatdorf-animate-in-view\" animatein=\"animate-in-view\" enabled=\"1\" once=\"1\" direction=\"1\" threshold=\"1\" timing=\"1\" offset=\"2rem\">\n<p class=\"has-ast-global-color-5-color has-text-color\" style=\"font-size:15px\">Du rose naturel au rouge flamboyant tout est permis. Qu\u2019il soit spectaculaire ou naturel, le maquillage&nbsp;permanent donnera \u00e0 vos l\u00e8vres un aspect \u00e9l\u00e9gant et fini toute la journ\u00e9e, tous les jours. Vous pouvez choisir une couleur naturelle, subtile et sophistiqu\u00e9e, puis ajouter votre rouge \u00e0 l\u00e8vres pr\u00e9f\u00e9r\u00e9, plus soutenu, le vendredi soir. Dans tous les cas, vos options de couleur sont adapt\u00e9es \u00e0 votre look et \u00e0 votre style.<\/p>\n<\/div>\n<\/div>\n\n\n\n<div class=\"wp-block-column has-ast-global-color-5-color has-text-color is-layout-flow wp-block-column-is-layout-flow\">\n<div class=\"wp-block-kevinbatdorf-animate-in-view\" animatein=\"animate-in-view\" enabled=\"1\" once=\"1\" direction=\"1\" threshold=\"1\" timing=\"1\" offset=\"2rem\">\n<p class=\"has-ast-global-color-5-color has-text-color\">Vous pouvez apporter votre rouge \u00e0 l\u00e8vre pr\u00e9f\u00e9r\u00e9 pour personnaliser la couleur de votre maquillage permanent, et nous l\u2019assortirons.<\/p>\n<\/div>\n<\/div>\n<\/div>\n\n\n\n<div style=\"height:50px\" aria-hidden=\"true\" class=\"wp-block-spacer\"><\/div>\n<\/div><\/div>\n\n\n\n<div style=\"height:80px\" aria-hidden=\"true\" class=\"wp-block-spacer\"><\/div>\n\n\n\n<div class=\"wp-block-columns is-layout-flex wp-container-core-columns-is-layout-28f84493 wp-block-columns-is-layout-flex\">\n<div class=\"wp-block-column is-vertically-aligned-top is-layout-flow wp-block-column-is-layout-flow\" style=\"flex-basis:50%\">\n<h3 class=\"has-ast-global-color-1-color has-text-color wp-block-heading\" style=\"font-size:30px\">Candy lips 3D<\/h3>\n\n\n\n<p>Tes l\u00e8vres sont asym\u00e9triques ou d\u00e9pigment\u00e9es, le lips Illusion 3D est pour toi!<\/p>\n\n\n\n<p>Il am\u00e9liore, corrige le contour des l\u00e8vres et donne du volume gr\u00e2ce au d\u00e9grad\u00e9 (effet 3D) et donne un effet maquill\u00e9 discret et sensuel.<\/p>\n\n\n\n<h4 class=\"has-ast-global-color-1-color has-text-color wp-block-heading\" style=\"font-style:normal;font-weight:100;text-transform:capitalize\">prix : <br>Cr\u00e9ation : 290 \u20ac (Retouche \u00e0 1 mois incluse)<br>Entretien : de 12 \u00e0 18 mois 150 \u20ac<\/h4>\n\n\n\n<div class=\"wp-block-buttons is-layout-flex wp-block-buttons-is-layout-flex\">\n<div class=\"wp-block-button alignleft has-custom-font-size is-style-outline is-style-outline--1\" style=\"font-size:15px\"><a class=\"wp-block-button__link wp-element-button\" href=\"https:\/\/www.planity.com\/dermillusion-85310-rives-de-lyon\" style=\"border-radius:10px\" target=\"_blank\" rel=\"noreferrer noopener\"><strong>Prendre rdv<\/strong><\/a><\/div>\n<\/div>\n<\/div>\n\n\n\n<div class=\"wp-block-column is-vertically-aligned-top is-layout-flow wp-block-column-is-layout-flow\" style=\"flex-basis:50%\">\n<figure class=\"wp-block-image aligncenter size-large is-resized\"><img fetchpriority=\"high\" decoding=\"async\" src=\"https:\/\/dermillusion.fr\/wp-content\/uploads\/2022\/08\/candy-lips-3D-1-1024x803.jpg\" alt=\"\" class=\"wp-image-702\" width=\"500\" height=\"393\" srcset=\"https:\/\/dermillusion.fr\/wp-content\/uploads\/2022\/08\/candy-lips-3D-1-1024x803.jpg 1024w, https:\/\/dermillusion.fr\/wp-content\/uploads\/2022\/08\/candy-lips-3D-1-300x235.jpg 300w, https:\/\/dermillusion.fr\/wp-content\/uploads\/2022\/08\/candy-lips-3D-1-768x602.jpg 768w, https:\/\/dermillusion.fr\/wp-content\/uploads\/2022\/08\/candy-lips-3D-1-1536x1205.jpg 1536w, https:\/\/dermillusion.fr\/wp-content\/uploads\/2022\/08\/candy-lips-3D-1-2048x1607.jpg 2048w, https:\/\/dermillusion.fr\/wp-content\/uploads\/2022\/08\/candy-lips-3D-1-500x392.jpg 500w, https:\/\/dermillusion.fr\/wp-content\/uploads\/2022\/08\/candy-lips-3D-1-800x628.jpg 800w, https:\/\/dermillusion.fr\/wp-content\/uploads\/2022\/08\/candy-lips-3D-1-1280x1004.jpg 1280w, https:\/\/dermillusion.fr\/wp-content\/uploads\/2022\/08\/candy-lips-3D-1-1920x1506.jpg 1920w\" sizes=\"(max-width: 500px) 100vw, 500px\" \/><figcaption class=\"wp-element-caption\">Candy lips 3D<\/figcaption><\/figure>\n<\/div>\n<\/div>\n\n\n\n<div style=\"height:30px\" aria-hidden=\"true\" class=\"wp-block-spacer\"><\/div>\n\n\n\n<hr class=\"wp-block-separator has-text-color has-ast-global-color-1-color has-alpha-channel-opacity has-ast-global-color-1-background-color has-background is-style-dots\"\/>\n\n\n\n<div class=\"wp-block-columns is-layout-flex wp-container-core-columns-is-layout-28f84493 wp-block-columns-is-layout-flex\">\n<div class=\"wp-block-column is-vertically-aligned-top is-layout-flow wp-block-column-is-layout-flow\" style=\"flex-basis:50%\">\n<h3 class=\"has-ast-global-color-1-color has-text-color wp-block-heading\" style=\"font-size:30px\"><br>lips Illusion full color<\/h3>\n\n\n\n<p>Si tu as des l\u00e8vres fines ou asym\u00e9triques le Lips Illusion full color est pour toi ! <\/p>\n\n\n\n<p>Il redessine les l\u00e8vres asym\u00e9triques, donne du volume avec un effet rouge \u00e0 l\u00e8vre.<\/p>\n\n\n\n<h4 class=\"has-ast-global-color-1-color has-text-color wp-block-heading\" style=\"font-style:normal;font-weight:100;text-transform:capitalize\">prix : <br>Cr\u00e9ation : 300 \u20ac (Retouche \u00e0 1 mois incluse)<br>Entretien : de 12 \u00e0 18 mois 150 \u20ac<\/h4>\n\n\n\n<div class=\"wp-block-buttons is-layout-flex wp-block-buttons-is-layout-flex\">\n<div class=\"wp-block-button alignleft has-custom-font-size is-style-outline is-style-outline--2\" style=\"font-size:15px\"><a class=\"wp-block-button__link wp-element-button\" href=\"https:\/\/www.planity.com\/dermillusion-85310-rives-de-lyon\" style=\"border-radius:10px\" target=\"_blank\" rel=\"noreferrer noopener\"><strong>Prendre rdv<\/strong><\/a><\/div>\n<\/div>\n<\/div>\n\n\n\n<div class=\"wp-block-column is-vertically-aligned-top is-layout-flow wp-block-column-is-layout-flow\" style=\"flex-basis:50%\">\n<figure class=\"wp-block-image aligncenter size-full is-resized\"><img decoding=\"async\" src=\"https:\/\/dermillusion.fr\/wp-content\/uploads\/2022\/08\/lips-illusion-full-color-2.jpg\" alt=\"\" class=\"wp-image-703\" width=\"500\" height=\"298\"\/><figcaption class=\"wp-element-caption\">Lips illusion full color<\/figcaption><\/figure>\n<\/div>\n<\/div>\n\n\n\n<div style=\"height:30px\" aria-hidden=\"true\" class=\"wp-block-spacer\"><\/div>\n\n\n\n<hr class=\"wp-block-separator has-text-color has-ast-global-color-1-color has-alpha-channel-opacity has-ast-global-color-1-background-color has-background is-style-dots\"\/>\n\n\n\n<div class=\"wp-block-columns is-layout-flex wp-container-core-columns-is-layout-28f84493 wp-block-columns-is-layout-flex\">\n<div class=\"wp-block-column is-vertically-aligned-top is-layout-flow wp-block-column-is-layout-flow\" style=\"flex-basis:50%\">\n<h3 class=\"has-ast-global-color-1-color has-text-color wp-block-heading\" style=\"font-size:30px\"><br>Magic Illusion lips<\/h3>\n\n\n\n<p>Tes l\u00e8vres sont d\u00e9j\u00e0 pulpeuses et bien dessin\u00e9es ? Le magic Illusion lips est pour toi !<\/p>\n\n\n\n<p>Il corrige la couleur naturelle des l\u00e8vres pour un effet Illuminateur tout en subtilit\u00e9, pour un maquillage nude.<\/p>\n\n\n\n<h4 class=\"has-ast-global-color-1-color has-text-color wp-block-heading\" style=\"font-style:normal;font-weight:100;text-transform:capitalize\">prix : <br>Cr\u00e9ation : 330 \u20ac (Retouche \u00e0 1 mois incluse)<br>Entretien : de 12 \u00e0 18 mois 150 \u20ac<\/h4>\n\n\n\n<div class=\"wp-block-buttons is-layout-flex wp-block-buttons-is-layout-flex\">\n<div class=\"wp-block-button alignleft has-custom-font-size is-style-outline is-style-outline--3\" style=\"font-size:15px\"><a class=\"wp-block-button__link wp-element-button\" href=\"https:\/\/www.planity.com\/dermillusion-85310-rives-de-lyon\" style=\"border-radius:10px\" target=\"_blank\" rel=\"noreferrer noopener\"><strong>Prendre rdv<\/strong><\/a><\/div>\n<\/div>\n<\/div>\n\n\n\n<div class=\"wp-block-column is-vertically-aligned-top is-layout-flow wp-block-column-is-layout-flow\" style=\"flex-basis:50%\">\n<figure class=\"wp-block-image aligncenter size-full is-resized\"><img decoding=\"async\" src=\"https:\/\/dermillusion.fr\/wp-content\/uploads\/2022\/08\/magic-Illusion-lips-3.jpg\" alt=\"\" class=\"wp-image-708\" width=\"500\" height=\"251\"\/><figcaption class=\"wp-element-caption\">Magic illusion lips<\/figcaption><\/figure>\n<\/div>\n<\/div>\n\n\n\n<div style=\"height:30px\" aria-hidden=\"true\" class=\"wp-block-spacer\"><\/div>\n\n\n\n<hr class=\"wp-block-separator has-text-color has-ast-global-color-1-color has-alpha-channel-opacity has-ast-global-color-1-background-color has-background is-style-dots\"\/>\n\n\n\n<div class=\"wp-block-columns is-layout-flex wp-container-core-columns-is-layout-28f84493 wp-block-columns-is-layout-flex\">\n<div class=\"wp-block-column is-vertically-aligned-top is-layout-flow wp-block-column-is-layout-flow\" style=\"flex-basis:50%\">\n<h3 class=\"has-ast-global-color-1-color has-text-color wp-block-heading\" style=\"font-size:30px\"><br>Lips Clear Illusion<\/h3>\n\n\n\n<p>Tes l\u00e8vres sont fonc\u00e9es ou bleut\u00e9es et tu r\u00eaves d&rsquo;avoir de belles&nbsp; l\u00e8vres roses. Le lips clear Illusion est pour toi.<\/p>\n\n\n\n<p>Il \u00e9claircit et corrige la pigmentation de tes l\u00e8vres (plusieurs s\u00e9ances sont n\u00e9cessaires et le tarif est un forfait tout inclus).<\/p>\n\n\n\n<h4 class=\"has-ast-global-color-1-color has-text-color wp-block-heading\" style=\"font-style:normal;font-weight:100;text-transform:capitalize\">prix : <br>Forfait 3 s\u00e9ances : 500 \u20ac<br>Entretien : de 12 \u00e0 18 mois 150 \u20ac<\/h4>\n\n\n\n<div class=\"wp-block-buttons is-layout-flex wp-block-buttons-is-layout-flex\">\n<div class=\"wp-block-button alignleft has-custom-font-size is-style-outline is-style-outline--4\" style=\"font-size:15px\"><a class=\"wp-block-button__link wp-element-button\" href=\"https:\/\/www.planity.com\/dermillusion-85310-rives-de-lyon\" style=\"border-radius:10px\" target=\"_blank\" rel=\"noreferrer noopener\"><strong>Prendre rdv<\/strong><\/a><\/div>\n<\/div>\n<\/div>\n\n\n\n<div class=\"wp-block-column is-vertically-aligned-top is-layout-flow wp-block-column-is-layout-flow\" style=\"flex-basis:50%\">\n<figure class=\"wp-block-image aligncenter size-full is-resized\"><img loading=\"lazy\" decoding=\"async\" src=\"https:\/\/dermillusion.fr\/wp-content\/uploads\/2022\/08\/Lips-Clear-Illusion.jpg\" alt=\"\" class=\"wp-image-863\" width=\"500\" height=\"342\" srcset=\"https:\/\/dermillusion.fr\/wp-content\/uploads\/2022\/08\/Lips-Clear-Illusion.jpg 889w, https:\/\/dermillusion.fr\/wp-content\/uploads\/2022\/08\/Lips-Clear-Illusion-300x206.jpg 300w, https:\/\/dermillusion.fr\/wp-content\/uploads\/2022\/08\/Lips-Clear-Illusion-768x527.jpg 768w, https:\/\/dermillusion.fr\/wp-content\/uploads\/2022\/08\/Lips-Clear-Illusion-500x343.jpg 500w, https:\/\/dermillusion.fr\/wp-content\/uploads\/2022\/08\/Lips-Clear-Illusion-800x549.jpg 800w\" sizes=\"(max-width: 500px) 100vw, 500px\" \/><figcaption class=\"wp-element-caption\">Lips clear illusion<\/figcaption><\/figure>\n<\/div>\n<\/div>\n\n\n\n<div style=\"height:30px\" aria-hidden=\"true\" class=\"wp-block-spacer\"><\/div>\n\n\n\n<hr class=\"wp-block-separator has-text-color has-ast-global-color-1-color has-alpha-channel-opacity has-ast-global-color-1-background-color has-background is-style-dots\"\/>\n\n\n\n<div class=\"wp-block-columns is-layout-flex wp-container-core-columns-is-layout-28f84493 wp-block-columns-is-layout-flex\">\n<div class=\"wp-block-column is-vertically-aligned-top is-layout-flow wp-block-column-is-layout-flow\" style=\"flex-basis:50%\">\n<h3 class=\"has-ast-global-color-1-color has-text-color wp-block-heading\" style=\"font-size:30px\"><br>Correction l\u00e8vres<\/h3>\n\n\n\n<p>Ancien maquillage permanent rat\u00e9, ton contour est asym\u00e9trique et les couleurs ont vir\u00e9es ? Bonne nouvelle je peux les corriger.<\/p>\n\n\n\n<h4 class=\"has-ast-global-color-1-color has-text-color wp-block-heading\" style=\"font-style:normal;font-weight:100;text-transform:capitalize\">prix : <br>Cr\u00e9ation : 450 \u20ac (Retouche \u00e0 1 mois incluse)<br>Entretien : de 12 \u00e0 18 mois 150 \u20ac<\/h4>\n\n\n\n<div class=\"wp-block-buttons is-layout-flex wp-block-buttons-is-layout-flex\">\n<div class=\"wp-block-button alignleft has-custom-font-size is-style-outline is-style-outline--5\" style=\"font-size:15px\"><a class=\"wp-block-button__link wp-element-button\" href=\"https:\/\/www.planity.com\/dermillusion-85310-rives-de-lyon\" style=\"border-radius:10px\" target=\"_blank\" rel=\"noreferrer noopener\"><strong>Prendre rdv<\/strong><\/a><\/div>\n<\/div>\n<\/div>\n\n\n\n<div class=\"wp-block-column is-vertically-aligned-top is-layout-flow wp-block-column-is-layout-flow\" style=\"flex-basis:50%\">\n<figure class=\"wp-block-image aligncenter size-full is-resized\"><img loading=\"lazy\" decoding=\"async\" src=\"https:\/\/dermillusion.fr\/wp-content\/uploads\/2022\/08\/les-rates-5.jpg\" alt=\"\" class=\"wp-image-687\" width=\"500\" height=\"365\" srcset=\"https:\/\/dermillusion.fr\/wp-content\/uploads\/2022\/08\/les-rates-5.jpg 795w, https:\/\/dermillusion.fr\/wp-content\/uploads\/2022\/08\/les-rates-5-300x219.jpg 300w, https:\/\/dermillusion.fr\/wp-content\/uploads\/2022\/08\/les-rates-5-768x561.jpg 768w, https:\/\/dermillusion.fr\/wp-content\/uploads\/2022\/08\/les-rates-5-500x365.jpg 500w\" sizes=\"(max-width: 500px) 100vw, 500px\" \/><\/figure>\n<\/div>\n<\/div>\n\n\n\n<div style=\"height:50px\" aria-hidden=\"true\" class=\"wp-block-spacer\"><\/div>\n","protected":false},"excerpt":{"rendered":"<p>Candy lips 3D Tes l\u00e8vres sont asym\u00e9triques ou d\u00e9pigment\u00e9es, le lips Illusion 3D est pour toi! Il am\u00e9liore, corrige le [&hellip;]<\/p>\n","protected":false},"author":1,"featured_media":0,"parent":0,"menu_order":0,"comment_status":"closed","ping_status":"closed","template":"","meta":{"_monsterinsights_skip_tracking":false,"_monsterinsights_sitenote_active":false,"_monsterinsights_sitenote_note":"","_monsterinsights_sitenote_category":0,"site-sidebar-layout":"default","site-content-layout":"","ast-site-content-layout":"default","site-content-style":"default","site-sidebar-style":"default","ast-global-header-display":"","ast-banner-title-visibility":"","ast-main-header-display":"","ast-hfb-above-header-display":"","ast-hfb-below-header-display":"","ast-hfb-mobile-header-display":"","site-post-title":"disabled","ast-breadcrumbs-content":"","ast-featured-img":"","footer-sml-layout":"","ast-disable-related-posts":"","theme-transparent-header-meta":"","adv-header-id-meta":"","stick-header-meta":"","header-above-stick-meta":"","header-main-stick-meta":"","header-below-stick-meta":"","astra-migrate-meta-layouts":"default","ast-page-background-enabled":"default","ast-page-background-meta":{"desktop":{"background-color":"var(--ast-global-color-4)","background-image":"","background-repeat":"repeat","background-position":"center center","background-size":"auto","background-attachment":"scroll","background-type":"","background-media":"","overlay-type":"","overlay-color":"","overlay-opacity":"","overlay-gradient":""},"tablet":{"background-color":"","background-image":"","background-repeat":"repeat","background-position":"center center","background-size":"auto","background-attachment":"scroll","background-type":"","background-media":"","overlay-type":"","overlay-color":"","overlay-opacity":"","overlay-gradient":""},"mobile":{"background-color":"","background-image":"","background-repeat":"repeat","background-position":"center center","background-size":"auto","background-attachment":"scroll","background-type":"","background-media":"","overlay-type":"","overlay-color":"","overlay-opacity":"","overlay-gradient":""}},"ast-content-background-meta":{"desktop":{"background-color":"var(--ast-global-color-5)","background-image":"","background-repeat":"repeat","background-position":"center center","background-size":"auto","background-attachment":"scroll","background-type":"","background-media":"","overlay-type":"","overlay-color":"","overlay-opacity":"","overlay-gradient":""},"tablet":{"background-color":"var(--ast-global-color-5)","background-image":"","background-repeat":"repeat","background-position":"center center","background-size":"auto","background-attachment":"scroll","background-type":"","background-media":"","overlay-type":"","overlay-color":"","overlay-opacity":"","overlay-gradient":""},"mobile":{"background-color":"var(--ast-global-color-5)","background-image":"","background-repeat":"repeat","background-position":"center center","background-size":"auto","background-attachment":"scroll","background-type":"","background-media":"","overlay-type":"","overlay-color":"","overlay-opacity":"","overlay-gradient":""}},"cybocfi_hide_featured_image":"","footnotes":""},"class_list":["post-691","page","type-page","status-publish","hentry"],"yoast_head":"<!-- This site is optimized with the Yoast SEO plugin v27.3 - https:\/\/yoast.com\/product\/yoast-seo-wordpress\/ -->\n<title>L\u00e8vres - dermillusion.fr<\/title>\n<meta name=\"robots\" content=\"index, follow, max-snippet:-1, max-image-preview:large, max-video-preview:-1\" \/>\n<link rel=\"canonical\" href=\"https:\/\/dermillusion.fr\/?page_id=691\" \/>\n<meta property=\"og:locale\" content=\"fr_FR\" \/>\n<meta property=\"og:type\" content=\"article\" \/>\n<meta property=\"og:title\" content=\"L\u00e8vres - dermillusion.fr\" \/>\n<meta property=\"og:description\" content=\"Candy lips 3D Tes l\u00e8vres sont asym\u00e9triques ou d\u00e9pigment\u00e9es, le lips Illusion 3D est pour toi! Il am\u00e9liore, corrige le [&hellip;]\" \/>\n<meta property=\"og:url\" content=\"https:\/\/dermillusion.fr\/?page_id=691\" \/>\n<meta property=\"og:site_name\" content=\"dermillusion.fr\" \/>\n<meta property=\"article:modified_time\" content=\"2023-11-04T14:28:53+00:00\" \/>\n<meta property=\"og:image\" content=\"https:\/\/dermillusion.fr\/wp-content\/uploads\/2022\/08\/candy-lips-3D-1.jpg\" \/>\n\t<meta property=\"og:image:width\" content=\"2362\" \/>\n\t<meta property=\"og:image:height\" content=\"1853\" \/>\n\t<meta property=\"og:image:type\" content=\"image\/jpeg\" \/>\n<meta name=\"twitter:card\" content=\"summary_large_image\" \/>\n<meta name=\"twitter:label1\" content=\"Dur\u00e9e de lecture estim\u00e9e\" \/>\n\t<meta name=\"twitter:data1\" content=\"2 minutes\" \/>\n<script type=\"application\/ld+json\" class=\"yoast-schema-graph\">{\"@context\":\"https:\\\/\\\/schema.org\",\"@graph\":[{\"@type\":\"WebPage\",\"@id\":\"https:\\\/\\\/dermillusion.fr\\\/?page_id=691\",\"url\":\"https:\\\/\\\/dermillusion.fr\\\/?page_id=691\",\"name\":\"L\u00e8vres - dermillusion.fr\",\"isPartOf\":{\"@id\":\"https:\\\/\\\/dermillusion.fr\\\/#website\"},\"primaryImageOfPage\":{\"@id\":\"https:\\\/\\\/dermillusion.fr\\\/?page_id=691#primaryimage\"},\"image\":{\"@id\":\"https:\\\/\\\/dermillusion.fr\\\/?page_id=691#primaryimage\"},\"thumbnailUrl\":\"https:\\\/\\\/dermillusion.fr\\\/wp-content\\\/uploads\\\/2022\\\/08\\\/candy-lips-3D-1-1024x803.jpg\",\"datePublished\":\"2022-08-17T08:04:33+00:00\",\"dateModified\":\"2023-11-04T14:28:53+00:00\",\"breadcrumb\":{\"@id\":\"https:\\\/\\\/dermillusion.fr\\\/?page_id=691#breadcrumb\"},\"inLanguage\":\"fr-FR\",\"potentialAction\":[{\"@type\":\"ReadAction\",\"target\":[\"https:\\\/\\\/dermillusion.fr\\\/?page_id=691\"]}]},{\"@type\":\"ImageObject\",\"inLanguage\":\"fr-FR\",\"@id\":\"https:\\\/\\\/dermillusion.fr\\\/?page_id=691#primaryimage\",\"url\":\"https:\\\/\\\/dermillusion.fr\\\/wp-content\\\/uploads\\\/2022\\\/08\\\/candy-lips-3D-1.jpg\",\"contentUrl\":\"https:\\\/\\\/dermillusion.fr\\\/wp-content\\\/uploads\\\/2022\\\/08\\\/candy-lips-3D-1.jpg\",\"width\":2362,\"height\":1853},{\"@type\":\"BreadcrumbList\",\"@id\":\"https:\\\/\\\/dermillusion.fr\\\/?page_id=691#breadcrumb\",\"itemListElement\":[{\"@type\":\"ListItem\",\"position\":1,\"name\":\"Home\",\"item\":\"https:\\\/\\\/dermillusion.fr\\\/\"},{\"@type\":\"ListItem\",\"position\":2,\"name\":\"L\u00e8vres\"}]},{\"@type\":\"WebSite\",\"@id\":\"https:\\\/\\\/dermillusion.fr\\\/#website\",\"url\":\"https:\\\/\\\/dermillusion.fr\\\/\",\"name\":\"dermillusion.fr\",\"description\":\"Maquillage permanent\",\"publisher\":{\"@id\":\"https:\\\/\\\/dermillusion.fr\\\/#organization\"},\"potentialAction\":[{\"@type\":\"SearchAction\",\"target\":{\"@type\":\"EntryPoint\",\"urlTemplate\":\"https:\\\/\\\/dermillusion.fr\\\/?s={search_term_string}\"},\"query-input\":{\"@type\":\"PropertyValueSpecification\",\"valueRequired\":true,\"valueName\":\"search_term_string\"}}],\"inLanguage\":\"fr-FR\"},{\"@type\":\"Organization\",\"@id\":\"https:\\\/\\\/dermillusion.fr\\\/#organization\",\"name\":\"dermillusion.fr\",\"url\":\"https:\\\/\\\/dermillusion.fr\\\/\",\"logo\":{\"@type\":\"ImageObject\",\"inLanguage\":\"fr-FR\",\"@id\":\"https:\\\/\\\/dermillusion.fr\\\/#\\\/schema\\\/logo\\\/image\\\/\",\"url\":\"https:\\\/\\\/dermillusion.fr\\\/wp-content\\\/uploads\\\/2026\\\/03\\\/cropped-Design-sans-titre.png\",\"contentUrl\":\"https:\\\/\\\/dermillusion.fr\\\/wp-content\\\/uploads\\\/2026\\\/03\\\/cropped-Design-sans-titre.png\",\"width\":600,\"height\":325,\"caption\":\"dermillusion.fr\"},\"image\":{\"@id\":\"https:\\\/\\\/dermillusion.fr\\\/#\\\/schema\\\/logo\\\/image\\\/\"}}]}<\/script>\n<!-- \/ Yoast SEO plugin. -->","yoast_head_json":{"title":"L\u00e8vres - dermillusion.fr","robots":{"index":"index","follow":"follow","max-snippet":"max-snippet:-1","max-image-preview":"max-image-preview:large","max-video-preview":"max-video-preview:-1"},"canonical":"https:\/\/dermillusion.fr\/?page_id=691","og_locale":"fr_FR","og_type":"article","og_title":"L\u00e8vres - dermillusion.fr","og_description":"Candy lips 3D Tes l\u00e8vres sont asym\u00e9triques ou d\u00e9pigment\u00e9es, le lips Illusion 3D est pour toi! Il am\u00e9liore, corrige le [&hellip;]","og_url":"https:\/\/dermillusion.fr\/?page_id=691","og_site_name":"dermillusion.fr","article_modified_time":"2023-11-04T14:28:53+00:00","og_image":[{"width":2362,"height":1853,"url":"https:\/\/dermillusion.fr\/wp-content\/uploads\/2022\/08\/candy-lips-3D-1.jpg","type":"image\/jpeg"}],"twitter_card":"summary_large_image","twitter_misc":{"Dur\u00e9e de lecture estim\u00e9e":"2 minutes"},"schema":{"@context":"https:\/\/schema.org","@graph":[{"@type":"WebPage","@id":"https:\/\/dermillusion.fr\/?page_id=691","url":"https:\/\/dermillusion.fr\/?page_id=691","name":"L\u00e8vres - dermillusion.fr","isPartOf":{"@id":"https:\/\/dermillusion.fr\/#website"},"primaryImageOfPage":{"@id":"https:\/\/dermillusion.fr\/?page_id=691#primaryimage"},"image":{"@id":"https:\/\/dermillusion.fr\/?page_id=691#primaryimage"},"thumbnailUrl":"https:\/\/dermillusion.fr\/wp-content\/uploads\/2022\/08\/candy-lips-3D-1-1024x803.jpg","datePublished":"2022-08-17T08:04:33+00:00","dateModified":"2023-11-04T14:28:53+00:00","breadcrumb":{"@id":"https:\/\/dermillusion.fr\/?page_id=691#breadcrumb"},"inLanguage":"fr-FR","potentialAction":[{"@type":"ReadAction","target":["https:\/\/dermillusion.fr\/?page_id=691"]}]},{"@type":"ImageObject","inLanguage":"fr-FR","@id":"https:\/\/dermillusion.fr\/?page_id=691#primaryimage","url":"https:\/\/dermillusion.fr\/wp-content\/uploads\/2022\/08\/candy-lips-3D-1.jpg","contentUrl":"https:\/\/dermillusion.fr\/wp-content\/uploads\/2022\/08\/candy-lips-3D-1.jpg","width":2362,"height":1853},{"@type":"BreadcrumbList","@id":"https:\/\/dermillusion.fr\/?page_id=691#breadcrumb","itemListElement":[{"@type":"ListItem","position":1,"name":"Home","item":"https:\/\/dermillusion.fr\/"},{"@type":"ListItem","position":2,"name":"L\u00e8vres"}]},{"@type":"WebSite","@id":"https:\/\/dermillusion.fr\/#website","url":"https:\/\/dermillusion.fr\/","name":"dermillusion.fr","description":"Maquillage permanent","publisher":{"@id":"https:\/\/dermillusion.fr\/#organization"},"potentialAction":[{"@type":"SearchAction","target":{"@type":"EntryPoint","urlTemplate":"https:\/\/dermillusion.fr\/?s={search_term_string}"},"query-input":{"@type":"PropertyValueSpecification","valueRequired":true,"valueName":"search_term_string"}}],"inLanguage":"fr-FR"},{"@type":"Organization","@id":"https:\/\/dermillusion.fr\/#organization","name":"dermillusion.fr","url":"https:\/\/dermillusion.fr\/","logo":{"@type":"ImageObject","inLanguage":"fr-FR","@id":"https:\/\/dermillusion.fr\/#\/schema\/logo\/image\/","url":"https:\/\/dermillusion.fr\/wp-content\/uploads\/2026\/03\/cropped-Design-sans-titre.png","contentUrl":"https:\/\/dermillusion.fr\/wp-content\/uploads\/2026\/03\/cropped-Design-sans-titre.png","width":600,"height":325,"caption":"dermillusion.fr"},"image":{"@id":"https:\/\/dermillusion.fr\/#\/schema\/logo\/image\/"}}]}},"_links":{"self":[{"href":"https:\/\/dermillusion.fr\/index.php?rest_route=\/wp\/v2\/pages\/691","targetHints":{"allow":["GET"]}}],"collection":[{"href":"https:\/\/dermillusion.fr\/index.php?rest_route=\/wp\/v2\/pages"}],"about":[{"href":"https:\/\/dermillusion.fr\/index.php?rest_route=\/wp\/v2\/types\/page"}],"author":[{"embeddable":true,"href":"https:\/\/dermillusion.fr\/index.php?rest_route=\/wp\/v2\/users\/1"}],"replies":[{"embeddable":true,"href":"https:\/\/dermillusion.fr\/index.php?rest_route=%2Fwp%2Fv2%2Fcomments&post=691"}],"version-history":[{"count":19,"href":"https:\/\/dermillusion.fr\/index.php?rest_route=\/wp\/v2\/pages\/691\/revisions"}],"predecessor-version":[{"id":1058,"href":"https:\/\/dermillusion.fr\/index.php?rest_route=\/wp\/v2\/pages\/691\/revisions\/1058"}],"wp:attachment":[{"href":"https:\/\/dermillusion.fr\/index.php?rest_route=%2Fwp%2Fv2%2Fmedia&parent=691"}],"curies":[{"name":"wp","href":"https:\/\/api.w.org\/{rel}","templated":true}]}}