{"id":663,"date":"2022-08-17T08:05:17","date_gmt":"2022-08-17T08:05:17","guid":{"rendered":"https:\/\/dermillusion.fr\/?page_id=663"},"modified":"2025-10-27T14:59:32","modified_gmt":"2025-10-27T14:59:32","slug":"sourcils","status":"publish","type":"page","link":"https:\/\/dermillusion.fr\/?page_id=663","title":{"rendered":"Sourcils"},"content":{"rendered":"\n<div class=\"wp-block-cover alignfull is-light has-parallax\" style=\"min-height:630px;aspect-ratio:unset;\"><span aria-hidden=\"true\" class=\"wp-block-cover__background has-background-dim\"><\/span><div role=\"img\" class=\"wp-block-cover__image-background wp-image-665 has-parallax\" style=\"background-position:50% 50%;background-image:url(https:\/\/dermillusion.fr\/wp-content\/uploads\/2022\/08\/Sourcils.jpg)\"><\/div><div class=\"wp-block-cover__inner-container is-layout-flow wp-block-cover-is-layout-flow\">\n<div style=\"height:50px\" aria-hidden=\"true\" class=\"wp-block-spacer\"><\/div>\n\n\n\n<div class=\"wp-block-kevinbatdorf-animate-in-view\" animatein=\"animate-in-view\" enabled=\"1\" once=\"1\" direction=\"-1\" threshold=\"1\" timing=\"1\" offset=\"2rem\">\n<h2 class=\"has-text-align-left has-ast-global-color-5-color has-text-color has-x-large-font-size wp-block-heading\">lES SOURCILS<\/h2>\n<\/div>\n\n\n\n<div class=\"wp-block-columns is-layout-flex wp-container-core-columns-is-layout-28f84493 wp-block-columns-is-layout-flex\">\n<div class=\"wp-block-column has-ast-global-color-5-color has-text-color is-layout-flow wp-block-column-is-layout-flow\">\n<div class=\"wp-block-kevinbatdorf-animate-in-view\" animatein=\"animate-in-view\" enabled=\"1\" once=\"1\" direction=\"1\" threshold=\"1\" timing=\"1\" offset=\"2rem\">\n<p class=\"has-ast-global-color-5-color has-text-color\">On dit du sourcil qu&rsquo;il est le sourire du regard.<\/p>\n<\/div>\n\n\n\n<div class=\"wp-block-kevinbatdorf-animate-in-view\" animatein=\"animate-in-view\" enabled=\"1\" once=\"1\" direction=\"1\" threshold=\"1\" timing=\"1\" offset=\"2rem\">\n<p class=\"has-ast-global-color-5-color has-text-color\" style=\"font-size:15px\">Les sourcils sont la caract\u00e9ristique la plus d\u00e9terminante du visage. Ils encadrent le visage, soulignent les yeux, accentuent l&rsquo;expression et donnent une sym\u00e9trie au visage.<\/p>\n<\/div>\n<\/div>\n\n\n\n<div class=\"wp-block-column has-ast-global-color-5-color has-text-color is-layout-flow wp-block-column-is-layout-flow\">\n<div class=\"wp-block-kevinbatdorf-animate-in-view\" animatein=\"animate-in-view\" enabled=\"1\" once=\"1\" direction=\"1\" threshold=\"1\" timing=\"1\" offset=\"2rem\">\n<p class=\"has-ast-global-color-5-color has-text-color\">Le maquillage permanent peut vous donner des sourcils plus grands, \u00e9tendus et d\u2019apparence plus jeune. Effet naturel ou maquill\u00e9, vos sourcils seront parfaits toute la journ\u00e9e.<\/p>\n<\/div>\n<\/div>\n<\/div>\n\n\n\n<div style=\"height:50px\" aria-hidden=\"true\" class=\"wp-block-spacer\"><\/div>\n<\/div><\/div>\n\n\n\n<div style=\"height:50px\" aria-hidden=\"true\" class=\"wp-block-spacer\"><\/div>\n\n\n\n<div class=\"wp-block-columns is-layout-flex wp-container-core-columns-is-layout-28f84493 wp-block-columns-is-layout-flex\">\n<div class=\"wp-block-column is-vertically-aligned-top is-layout-flow wp-block-column-is-layout-flow\" style=\"flex-basis:50%\">\n<h3 class=\"has-ast-global-color-1-color has-text-color wp-block-heading\" style=\"font-size:30px\"><br>Le poudr\u00e9<\/h3>\n\n\n\n<p class=\"has-text-align-left\">Tu te maquilles les sourcils tous les jours ?<\/p>\n\n\n\n<p class=\"has-text-align-left\">Le poudr\u00e9 est pour toi ! Il red\u00e9fini la ligne des sourcils avec un effet maquill\u00e9.<\/p>\n\n\n\n<h4 class=\"has-ast-global-color-1-color has-text-color wp-block-heading\" style=\"font-style:normal;font-weight:100;text-transform:capitalize\">prix : <br>Cr\u00e9ation : 300 \u20ac (Retouche \u00e0 1 mois incluse)<br>Entretien : de 12 \u00e0 18 mois 125 \u20ac<\/h4>\n\n\n\n<div class=\"wp-block-buttons is-layout-flex wp-block-buttons-is-layout-flex\">\n<div class=\"wp-block-button alignleft has-custom-font-size is-style-outline is-style-outline--1\" style=\"font-size:15px\"><a class=\"wp-block-button__link wp-element-button\" href=\"https:\/\/www.planity.com\/dermillusion-85310-rives-de-lyon\" style=\"border-radius:10px\" target=\"_blank\" rel=\"noreferrer noopener\"><strong>Prendre rdv<\/strong><\/a><\/div>\n<\/div>\n<\/div>\n\n\n\n<div class=\"wp-block-column is-vertically-aligned-top is-layout-flow wp-block-column-is-layout-flow\" style=\"flex-basis:50%\">\n<figure class=\"wp-block-image aligncenter size-full is-resized\"><img fetchpriority=\"high\" decoding=\"async\" src=\"https:\/\/dermillusion.fr\/wp-content\/uploads\/2022\/08\/poudre-1.png\" alt=\"\" class=\"wp-image-668\" width=\"500\" height=\"304\"\/><figcaption class=\"wp-element-caption\">Le poudr\u00e9<\/figcaption><\/figure>\n<\/div>\n<\/div>\n\n\n\n<div style=\"height:30px\" aria-hidden=\"true\" class=\"wp-block-spacer\"><\/div>\n\n\n\n<hr class=\"wp-block-separator has-text-color has-ast-global-color-1-color has-alpha-channel-opacity has-ast-global-color-1-background-color has-background is-style-dots\"\/>\n\n\n\n<div class=\"wp-block-columns is-layout-flex wp-container-core-columns-is-layout-28f84493 wp-block-columns-is-layout-flex\">\n<div class=\"wp-block-column is-vertically-aligned-top is-layout-flow wp-block-column-is-layout-flow\" style=\"flex-basis:50%\">\n<h3 class=\"has-ast-global-color-1-color has-text-color wp-block-heading\" style=\"font-size:30px\"><br>Le poil \u00e0 poil<\/h3>\n\n\n\n<p>Ton poil est parsem\u00e9 voir inexistant ou trop clair et tu cherches un effet naturel.<\/p>\n\n\n\n<p>Le poil \u00e0 poil est pour toi ! Il red\u00e9fini la ligne de sourcils en cr\u00e9ant des poils extr\u00eamement fin pour un effet naturel.<\/p>\n\n\n\n<h4 class=\"has-ast-global-color-1-color has-text-color wp-block-heading\" style=\"font-style:normal;font-weight:100;text-transform:capitalize\">prix : <br>Cr\u00e9ation : 295 \u20ac (Retouche \u00e0 1 mois incluse)<br>Entretien : de 12 \u00e0 18 mois 125 \u20ac<\/h4>\n\n\n\n<div class=\"wp-block-buttons is-layout-flex wp-block-buttons-is-layout-flex\">\n<div class=\"wp-block-button alignleft has-custom-font-size is-style-outline is-style-outline--2\" style=\"font-size:15px\"><a class=\"wp-block-button__link wp-element-button\" href=\"https:\/\/www.planity.com\/dermillusion-85310-rives-de-lyon\" style=\"border-radius:10px\" target=\"_blank\" rel=\"noreferrer noopener\"><strong>Prendre rdv<\/strong><\/a><\/div>\n<\/div>\n<\/div>\n\n\n\n<div class=\"wp-block-column is-vertically-aligned-top is-layout-flow wp-block-column-is-layout-flow\" style=\"flex-basis:50%\">\n<figure class=\"wp-block-image aligncenter size-full is-resized\"><img decoding=\"async\" src=\"https:\/\/dermillusion.fr\/wp-content\/uploads\/2022\/08\/poi-a-poil-2.png\" alt=\"\" class=\"wp-image-675\" width=\"500\" height=\"498\"\/><figcaption class=\"wp-element-caption\">Le poil \u00e0 poil<\/figcaption><\/figure>\n<\/div>\n<\/div>\n\n\n\n<div style=\"height:30px\" aria-hidden=\"true\" class=\"wp-block-spacer\"><\/div>\n\n\n\n<hr class=\"wp-block-separator has-text-color has-ast-global-color-1-color has-alpha-channel-opacity has-ast-global-color-1-background-color has-background is-style-dots\"\/>\n\n\n\n<div class=\"wp-block-columns is-layout-flex wp-container-core-columns-is-layout-28f84493 wp-block-columns-is-layout-flex\">\n<div class=\"wp-block-column is-vertically-aligned-top is-layout-flow wp-block-column-is-layout-flow\" style=\"flex-basis:50%\">\n<h3 class=\"has-ast-global-color-1-color has-text-color wp-block-heading\" style=\"font-size:30px\"><br>Le Mixte<\/h3>\n\n\n\n<p>Tu veux laisser apparaitre de jolis poils en t\u00eate de sourcil avec un effet maquill\u00e9 pour un look ultra sophistiqu\u00e9 ? <\/p>\n\n\n\n<p>Le mixte est pour toi ! Il red\u00e9fini le sourcil, intensifie le regard, l&rsquo;effet maquill\u00e9 est adouci par le poil \u00e0 poil.<\/p>\n\n\n\n<h4 class=\"has-ast-global-color-1-color has-text-color wp-block-heading\" style=\"font-style:normal;font-weight:100;text-transform:capitalize\">prix : <br>Cr\u00e9ation : 300 \u20ac (Retouche \u00e0 1 mois incluse)<br>Entretien : de 12 \u00e0 18 mois 125 \u20ac<br><a href=\"Entretien: 12 \u00e0 18 mois 120 \u20ac\">Entretien : de 12 \u00e0 18 mois 120 \u20ac<\/a><\/h4>\n\n\n\n<div class=\"wp-block-buttons is-layout-flex wp-block-buttons-is-layout-flex\">\n<div class=\"wp-block-button alignleft has-custom-font-size is-style-outline is-style-outline--3\" style=\"font-size:15px\"><a class=\"wp-block-button__link wp-element-button\" href=\"https:\/\/www.planity.com\/dermillusion-85310-rives-de-lyon\" style=\"border-radius:10px\" target=\"_blank\" rel=\"noreferrer noopener\"><strong>Prendre rdv<\/strong><\/a><\/div>\n<\/div>\n<\/div>\n\n\n\n<div class=\"wp-block-column is-vertically-aligned-top is-layout-flow wp-block-column-is-layout-flow\" style=\"flex-basis:50%\">\n<figure class=\"wp-block-image aligncenter size-full is-resized\"><img decoding=\"async\" src=\"https:\/\/dermillusion.fr\/wp-content\/uploads\/2022\/08\/mixte-3.png\" alt=\"\" class=\"wp-image-683\" width=\"500\" height=\"456\" srcset=\"https:\/\/dermillusion.fr\/wp-content\/uploads\/2022\/08\/mixte-3.png 509w, https:\/\/dermillusion.fr\/wp-content\/uploads\/2022\/08\/mixte-3-300x273.png 300w, https:\/\/dermillusion.fr\/wp-content\/uploads\/2022\/08\/mixte-3-500x456.png 500w\" sizes=\"(max-width: 500px) 100vw, 500px\" \/><figcaption class=\"wp-element-caption\">Le mixte<\/figcaption><\/figure>\n<\/div>\n<\/div>\n\n\n\n<div style=\"height:30px\" aria-hidden=\"true\" class=\"wp-block-spacer\"><\/div>\n\n\n\n<hr class=\"wp-block-separator has-text-color has-ast-global-color-1-color has-alpha-channel-opacity has-ast-global-color-1-background-color has-background is-style-dots\"\/>\n\n\n\n<div class=\"wp-block-columns is-layout-flex wp-container-core-columns-is-layout-28f84493 wp-block-columns-is-layout-flex\">\n<div class=\"wp-block-column is-vertically-aligned-top is-layout-flow wp-block-column-is-layout-flow\" style=\"flex-basis:50%\">\n<h3 class=\"has-ast-global-color-1-color has-text-color wp-block-heading\" style=\"font-size:30px\"><br>sourcil lift<\/h3>\n\n\n\n<p>Ta peau est mature et tes sourcils s&rsquo;affaissent ? <\/p>\n\n\n\n<p>Le rehaussement de sourcils est pour toi ! En remontant la queue de tes sourcils c&rsquo;est un v\u00e9ritable lifting sans chirurgie pour un effet rajeunissant.<\/p>\n\n\n\n<h4 class=\"has-ast-global-color-1-color has-text-color wp-block-heading\" style=\"font-style:normal;font-weight:100;text-transform:capitalize\">prix : <br>Cr\u00e9ation :&nbsp;250 \u20ac (Retouche \u00e0 1 mois incluse)<br>Entretien : de 12 \u00e0 18 mois 125 \u20ac<br><a href=\"Entretien: 12 \u00e0 18 mois 120 \u20ac\">Entretien : de 12 \u00e0 18 mois 120 \u20ac<\/a><\/h4>\n\n\n\n<div class=\"wp-block-buttons is-layout-flex wp-block-buttons-is-layout-flex\">\n<div class=\"wp-block-button alignleft has-custom-font-size is-style-outline is-style-outline--4\" style=\"font-size:15px\"><a class=\"wp-block-button__link wp-element-button\" href=\"https:\/\/www.planity.com\/dermillusion-85310-rives-de-lyon\" style=\"border-radius:10px\" target=\"_blank\" rel=\"noreferrer noopener\"><strong>Prendre rdv<\/strong><\/a><\/div>\n<\/div>\n<\/div>\n\n\n\n<div class=\"wp-block-column is-vertically-aligned-top is-layout-flow wp-block-column-is-layout-flow\" style=\"flex-basis:50%\">\n<figure class=\"wp-block-image aligncenter size-full\"><img loading=\"lazy\" decoding=\"async\" width=\"500\" height=\"413\" src=\"https:\/\/dermillusion.fr\/wp-content\/uploads\/2022\/08\/brow-lift.jpg\" alt=\"\" class=\"wp-image-689\" srcset=\"https:\/\/dermillusion.fr\/wp-content\/uploads\/2022\/08\/brow-lift.jpg 500w, https:\/\/dermillusion.fr\/wp-content\/uploads\/2022\/08\/brow-lift-300x248.jpg 300w\" sizes=\"(max-width: 500px) 100vw, 500px\" \/><figcaption class=\"wp-element-caption\">Sourcil lift<\/figcaption><\/figure>\n<\/div>\n<\/div>\n\n\n\n<div style=\"height:30px\" aria-hidden=\"true\" class=\"wp-block-spacer\"><\/div>\n\n\n\n<hr class=\"wp-block-separator has-text-color has-ast-global-color-1-color has-alpha-channel-opacity has-ast-global-color-1-background-color has-background is-style-dots\"\/>\n\n\n\n<div class=\"wp-block-columns is-layout-flex wp-container-core-columns-is-layout-28f84493 wp-block-columns-is-layout-flex\">\n<div class=\"wp-block-column is-vertically-aligned-top is-layout-flow wp-block-column-is-layout-flow\" style=\"flex-basis:50%\">\n<h3 class=\"has-ast-global-color-1-color has-text-color wp-block-heading\" style=\"font-size:30px\"><br>Correction sourcils<\/h3>\n\n\n\n<p>D\u00e9\u00e7ue d&rsquo;un ancien maquillage permanent ? <\/p>\n\n\n\n<p>Ton sourcil est orang\u00e9, gris\u00e2tre ou verd\u00e2tre, la ligne n&rsquo;est pas structur\u00e9e ?<\/p>\n\n\n\n<p>Bonne nouvelle, je peux corriger ces d\u00e9fauts.<\/p>\n\n\n\n<h4 class=\"has-ast-global-color-1-color has-text-color wp-block-heading\" style=\"font-style:normal;font-weight:100;text-transform:capitalize\">prix : <br>Cr\u00e9ation : 350 \u20ac (retouche \u00e0 1 mois incluse)<br>Entretien : de 12 \u00e0 18 mois 125 \u20ac<br><a href=\"Entretien: 12 \u00e0 18 mois 120 \u20ac\">Entretien : de 12 \u00e0 18 mois 120 \u20ac<\/a><\/h4>\n\n\n\n\n\n<div class=\"wp-block-buttons is-layout-flex wp-block-buttons-is-layout-flex\">\n<div class=\"wp-block-button alignleft has-custom-font-size is-style-outline is-style-outline--5\" style=\"font-size:15px\"><a class=\"wp-block-button__link wp-element-button\" href=\"https:\/\/www.planity.com\/dermillusion-85310-rives-de-lyon\" style=\"border-radius:10px\" target=\"_blank\" rel=\"noreferrer noopener\"><strong>Prendre rdv<\/strong><\/a><\/div>\n<\/div>\n<\/div>\n\n\n\n<div class=\"wp-block-column is-vertically-aligned-top is-layout-flow wp-block-column-is-layout-flow\" style=\"flex-basis:50%\">\n<figure class=\"wp-block-image aligncenter size-full is-resized\"><img loading=\"lazy\" decoding=\"async\" src=\"https:\/\/dermillusion.fr\/wp-content\/uploads\/2022\/08\/les-rates-5.jpg\" alt=\"\" class=\"wp-image-687\" width=\"500\" height=\"365\" srcset=\"https:\/\/dermillusion.fr\/wp-content\/uploads\/2022\/08\/les-rates-5.jpg 795w, https:\/\/dermillusion.fr\/wp-content\/uploads\/2022\/08\/les-rates-5-300x219.jpg 300w, https:\/\/dermillusion.fr\/wp-content\/uploads\/2022\/08\/les-rates-5-768x561.jpg 768w, https:\/\/dermillusion.fr\/wp-content\/uploads\/2022\/08\/les-rates-5-500x365.jpg 500w\" sizes=\"(max-width: 500px) 100vw, 500px\" \/><\/figure>\n<\/div>\n<\/div>\n\n\n\n<div style=\"height:50px\" aria-hidden=\"true\" class=\"wp-block-spacer\"><\/div>\n","protected":false},"excerpt":{"rendered":"<p>Le poudr\u00e9 Tu te maquilles les sourcils tous les jours ? Le poudr\u00e9 est pour toi ! Il red\u00e9fini la [&hellip;]<\/p>\n","protected":false},"author":1,"featured_media":0,"parent":0,"menu_order":0,"comment_status":"closed","ping_status":"closed","template":"","meta":{"_monsterinsights_skip_tracking":false,"_monsterinsights_sitenote_active":false,"_monsterinsights_sitenote_note":"","_monsterinsights_sitenote_category":0,"site-sidebar-layout":"default","site-content-layout":"","ast-site-content-layout":"default","site-content-style":"default","site-sidebar-style":"default","ast-global-header-display":"","ast-banner-title-visibility":"","ast-main-header-display":"","ast-hfb-above-header-display":"","ast-hfb-below-header-display":"","ast-hfb-mobile-header-display":"","site-post-title":"disabled","ast-breadcrumbs-content":"","ast-featured-img":"","footer-sml-layout":"","ast-disable-related-posts":"","theme-transparent-header-meta":"","adv-header-id-meta":"","stick-header-meta":"","header-above-stick-meta":"","header-main-stick-meta":"","header-below-stick-meta":"","astra-migrate-meta-layouts":"default","ast-page-background-enabled":"default","ast-page-background-meta":{"desktop":{"background-color":"var(--ast-global-color-4)","background-image":"","background-repeat":"repeat","background-position":"center center","background-size":"auto","background-attachment":"scroll","background-type":"","background-media":"","overlay-type":"","overlay-color":"","overlay-opacity":"","overlay-gradient":""},"tablet":{"background-color":"","background-image":"","background-repeat":"repeat","background-position":"center center","background-size":"auto","background-attachment":"scroll","background-type":"","background-media":"","overlay-type":"","overlay-color":"","overlay-opacity":"","overlay-gradient":""},"mobile":{"background-color":"","background-image":"","background-repeat":"repeat","background-position":"center center","background-size":"auto","background-attachment":"scroll","background-type":"","background-media":"","overlay-type":"","overlay-color":"","overlay-opacity":"","overlay-gradient":""}},"ast-content-background-meta":{"desktop":{"background-color":"var(--ast-global-color-5)","background-image":"","background-repeat":"repeat","background-position":"center center","background-size":"auto","background-attachment":"scroll","background-type":"","background-media":"","overlay-type":"","overlay-color":"","overlay-opacity":"","overlay-gradient":""},"tablet":{"background-color":"var(--ast-global-color-5)","background-image":"","background-repeat":"repeat","background-position":"center center","background-size":"auto","background-attachment":"scroll","background-type":"","background-media":"","overlay-type":"","overlay-color":"","overlay-opacity":"","overlay-gradient":""},"mobile":{"background-color":"var(--ast-global-color-5)","background-image":"","background-repeat":"repeat","background-position":"center center","background-size":"auto","background-attachment":"scroll","background-type":"","background-media":"","overlay-type":"","overlay-color":"","overlay-opacity":"","overlay-gradient":""}},"cybocfi_hide_featured_image":"","footnotes":""},"class_list":["post-663","page","type-page","status-publish","hentry"],"yoast_head":"<!-- This site is optimized with the Yoast SEO plugin v27.3 - https:\/\/yoast.com\/product\/yoast-seo-wordpress\/ -->\n<title>Sourcils - dermillusion.fr<\/title>\n<meta name=\"robots\" content=\"index, follow, max-snippet:-1, max-image-preview:large, max-video-preview:-1\" \/>\n<link rel=\"canonical\" href=\"https:\/\/dermillusion.fr\/?page_id=663\" \/>\n<meta property=\"og:locale\" content=\"fr_FR\" \/>\n<meta property=\"og:type\" content=\"article\" \/>\n<meta property=\"og:title\" content=\"Sourcils - dermillusion.fr\" \/>\n<meta property=\"og:description\" content=\"Le poudr\u00e9 Tu te maquilles les sourcils tous les jours ? Le poudr\u00e9 est pour toi ! Il red\u00e9fini la [&hellip;]\" \/>\n<meta property=\"og:url\" content=\"https:\/\/dermillusion.fr\/?page_id=663\" \/>\n<meta property=\"og:site_name\" content=\"dermillusion.fr\" \/>\n<meta property=\"article:modified_time\" content=\"2025-10-27T14:59:32+00:00\" \/>\n<meta property=\"og:image\" content=\"https:\/\/dermillusion.fr\/wp-content\/uploads\/2022\/08\/poudre-1-e1771421574653.png\" \/>\n\t<meta property=\"og:image:width\" content=\"406\" \/>\n\t<meta property=\"og:image:height\" content=\"338\" \/>\n\t<meta property=\"og:image:type\" content=\"image\/png\" \/>\n<meta name=\"twitter:card\" content=\"summary_large_image\" \/>\n<meta name=\"twitter:label1\" content=\"Dur\u00e9e de lecture estim\u00e9e\" \/>\n\t<meta name=\"twitter:data1\" content=\"2 minutes\" \/>\n<script type=\"application\/ld+json\" class=\"yoast-schema-graph\">{\"@context\":\"https:\\\/\\\/schema.org\",\"@graph\":[{\"@type\":\"WebPage\",\"@id\":\"https:\\\/\\\/dermillusion.fr\\\/?page_id=663\",\"url\":\"https:\\\/\\\/dermillusion.fr\\\/?page_id=663\",\"name\":\"Sourcils - dermillusion.fr\",\"isPartOf\":{\"@id\":\"https:\\\/\\\/dermillusion.fr\\\/#website\"},\"primaryImageOfPage\":{\"@id\":\"https:\\\/\\\/dermillusion.fr\\\/?page_id=663#primaryimage\"},\"image\":{\"@id\":\"https:\\\/\\\/dermillusion.fr\\\/?page_id=663#primaryimage\"},\"thumbnailUrl\":\"https:\\\/\\\/dermillusion.fr\\\/wp-content\\\/uploads\\\/2022\\\/08\\\/poudre-1.png\",\"datePublished\":\"2022-08-17T08:05:17+00:00\",\"dateModified\":\"2025-10-27T14:59:32+00:00\",\"breadcrumb\":{\"@id\":\"https:\\\/\\\/dermillusion.fr\\\/?page_id=663#breadcrumb\"},\"inLanguage\":\"fr-FR\",\"potentialAction\":[{\"@type\":\"ReadAction\",\"target\":[\"https:\\\/\\\/dermillusion.fr\\\/?page_id=663\"]}]},{\"@type\":\"ImageObject\",\"inLanguage\":\"fr-FR\",\"@id\":\"https:\\\/\\\/dermillusion.fr\\\/?page_id=663#primaryimage\",\"url\":\"https:\\\/\\\/dermillusion.fr\\\/wp-content\\\/uploads\\\/2022\\\/08\\\/poudre-1-e1771421574653.png\",\"contentUrl\":\"https:\\\/\\\/dermillusion.fr\\\/wp-content\\\/uploads\\\/2022\\\/08\\\/poudre-1-e1771421574653.png\",\"width\":406,\"height\":338},{\"@type\":\"BreadcrumbList\",\"@id\":\"https:\\\/\\\/dermillusion.fr\\\/?page_id=663#breadcrumb\",\"itemListElement\":[{\"@type\":\"ListItem\",\"position\":1,\"name\":\"Home\",\"item\":\"https:\\\/\\\/dermillusion.fr\\\/\"},{\"@type\":\"ListItem\",\"position\":2,\"name\":\"Sourcils\"}]},{\"@type\":\"WebSite\",\"@id\":\"https:\\\/\\\/dermillusion.fr\\\/#website\",\"url\":\"https:\\\/\\\/dermillusion.fr\\\/\",\"name\":\"dermillusion.fr\",\"description\":\"Maquillage permanent\",\"publisher\":{\"@id\":\"https:\\\/\\\/dermillusion.fr\\\/#organization\"},\"potentialAction\":[{\"@type\":\"SearchAction\",\"target\":{\"@type\":\"EntryPoint\",\"urlTemplate\":\"https:\\\/\\\/dermillusion.fr\\\/?s={search_term_string}\"},\"query-input\":{\"@type\":\"PropertyValueSpecification\",\"valueRequired\":true,\"valueName\":\"search_term_string\"}}],\"inLanguage\":\"fr-FR\"},{\"@type\":\"Organization\",\"@id\":\"https:\\\/\\\/dermillusion.fr\\\/#organization\",\"name\":\"dermillusion.fr\",\"url\":\"https:\\\/\\\/dermillusion.fr\\\/\",\"logo\":{\"@type\":\"ImageObject\",\"inLanguage\":\"fr-FR\",\"@id\":\"https:\\\/\\\/dermillusion.fr\\\/#\\\/schema\\\/logo\\\/image\\\/\",\"url\":\"https:\\\/\\\/dermillusion.fr\\\/wp-content\\\/uploads\\\/2026\\\/03\\\/cropped-Design-sans-titre.png\",\"contentUrl\":\"https:\\\/\\\/dermillusion.fr\\\/wp-content\\\/uploads\\\/2026\\\/03\\\/cropped-Design-sans-titre.png\",\"width\":600,\"height\":325,\"caption\":\"dermillusion.fr\"},\"image\":{\"@id\":\"https:\\\/\\\/dermillusion.fr\\\/#\\\/schema\\\/logo\\\/image\\\/\"}}]}<\/script>\n<!-- \/ Yoast SEO plugin. -->","yoast_head_json":{"title":"Sourcils - dermillusion.fr","robots":{"index":"index","follow":"follow","max-snippet":"max-snippet:-1","max-image-preview":"max-image-preview:large","max-video-preview":"max-video-preview:-1"},"canonical":"https:\/\/dermillusion.fr\/?page_id=663","og_locale":"fr_FR","og_type":"article","og_title":"Sourcils - dermillusion.fr","og_description":"Le poudr\u00e9 Tu te maquilles les sourcils tous les jours ? Le poudr\u00e9 est pour toi ! Il red\u00e9fini la [&hellip;]","og_url":"https:\/\/dermillusion.fr\/?page_id=663","og_site_name":"dermillusion.fr","article_modified_time":"2025-10-27T14:59:32+00:00","og_image":[{"width":406,"height":338,"url":"https:\/\/dermillusion.fr\/wp-content\/uploads\/2022\/08\/poudre-1-e1771421574653.png","type":"image\/png"}],"twitter_card":"summary_large_image","twitter_misc":{"Dur\u00e9e de lecture estim\u00e9e":"2 minutes"},"schema":{"@context":"https:\/\/schema.org","@graph":[{"@type":"WebPage","@id":"https:\/\/dermillusion.fr\/?page_id=663","url":"https:\/\/dermillusion.fr\/?page_id=663","name":"Sourcils - dermillusion.fr","isPartOf":{"@id":"https:\/\/dermillusion.fr\/#website"},"primaryImageOfPage":{"@id":"https:\/\/dermillusion.fr\/?page_id=663#primaryimage"},"image":{"@id":"https:\/\/dermillusion.fr\/?page_id=663#primaryimage"},"thumbnailUrl":"https:\/\/dermillusion.fr\/wp-content\/uploads\/2022\/08\/poudre-1.png","datePublished":"2022-08-17T08:05:17+00:00","dateModified":"2025-10-27T14:59:32+00:00","breadcrumb":{"@id":"https:\/\/dermillusion.fr\/?page_id=663#breadcrumb"},"inLanguage":"fr-FR","potentialAction":[{"@type":"ReadAction","target":["https:\/\/dermillusion.fr\/?page_id=663"]}]},{"@type":"ImageObject","inLanguage":"fr-FR","@id":"https:\/\/dermillusion.fr\/?page_id=663#primaryimage","url":"https:\/\/dermillusion.fr\/wp-content\/uploads\/2022\/08\/poudre-1-e1771421574653.png","contentUrl":"https:\/\/dermillusion.fr\/wp-content\/uploads\/2022\/08\/poudre-1-e1771421574653.png","width":406,"height":338},{"@type":"BreadcrumbList","@id":"https:\/\/dermillusion.fr\/?page_id=663#breadcrumb","itemListElement":[{"@type":"ListItem","position":1,"name":"Home","item":"https:\/\/dermillusion.fr\/"},{"@type":"ListItem","position":2,"name":"Sourcils"}]},{"@type":"WebSite","@id":"https:\/\/dermillusion.fr\/#website","url":"https:\/\/dermillusion.fr\/","name":"dermillusion.fr","description":"Maquillage permanent","publisher":{"@id":"https:\/\/dermillusion.fr\/#organization"},"potentialAction":[{"@type":"SearchAction","target":{"@type":"EntryPoint","urlTemplate":"https:\/\/dermillusion.fr\/?s={search_term_string}"},"query-input":{"@type":"PropertyValueSpecification","valueRequired":true,"valueName":"search_term_string"}}],"inLanguage":"fr-FR"},{"@type":"Organization","@id":"https:\/\/dermillusion.fr\/#organization","name":"dermillusion.fr","url":"https:\/\/dermillusion.fr\/","logo":{"@type":"ImageObject","inLanguage":"fr-FR","@id":"https:\/\/dermillusion.fr\/#\/schema\/logo\/image\/","url":"https:\/\/dermillusion.fr\/wp-content\/uploads\/2026\/03\/cropped-Design-sans-titre.png","contentUrl":"https:\/\/dermillusion.fr\/wp-content\/uploads\/2026\/03\/cropped-Design-sans-titre.png","width":600,"height":325,"caption":"dermillusion.fr"},"image":{"@id":"https:\/\/dermillusion.fr\/#\/schema\/logo\/image\/"}}]}},"_links":{"self":[{"href":"https:\/\/dermillusion.fr\/index.php?rest_route=\/wp\/v2\/pages\/663","targetHints":{"allow":["GET"]}}],"collection":[{"href":"https:\/\/dermillusion.fr\/index.php?rest_route=\/wp\/v2\/pages"}],"about":[{"href":"https:\/\/dermillusion.fr\/index.php?rest_route=\/wp\/v2\/types\/page"}],"author":[{"embeddable":true,"href":"https:\/\/dermillusion.fr\/index.php?rest_route=\/wp\/v2\/users\/1"}],"replies":[{"embeddable":true,"href":"https:\/\/dermillusion.fr\/index.php?rest_route=%2Fwp%2Fv2%2Fcomments&post=663"}],"version-history":[{"count":38,"href":"https:\/\/dermillusion.fr\/index.php?rest_route=\/wp\/v2\/pages\/663\/revisions"}],"predecessor-version":[{"id":1073,"href":"https:\/\/dermillusion.fr\/index.php?rest_route=\/wp\/v2\/pages\/663\/revisions\/1073"}],"wp:attachment":[{"href":"https:\/\/dermillusion.fr\/index.php?rest_route=%2Fwp%2Fv2%2Fmedia&parent=663"}],"curies":[{"name":"wp","href":"https:\/\/api.w.org\/{rel}","templated":true}]}}