{"id":2114,"date":"2026-02-27T11:44:54","date_gmt":"2026-02-27T11:44:54","guid":{"rendered":"https:\/\/dermillusion.coraliedesign.fr\/?page_id=2114"},"modified":"2026-03-26T16:13:18","modified_gmt":"2026-03-26T16:13:18","slug":"formations-vip","status":"publish","type":"page","link":"https:\/\/dermillusion.fr\/?page_id=2114","title":{"rendered":"formations vip"},"content":{"rendered":"\t\t<div data-elementor-type=\"wp-page\" data-elementor-id=\"2114\" class=\"elementor elementor-2114\" data-elementor-post-type=\"page\">\n\t\t\t\t<div class=\"elementor-element elementor-element-8e1d1f5 e-flex e-con-boxed e-con e-parent\" data-id=\"8e1d1f5\" data-element_type=\"container\" data-e-type=\"container\" data-settings=\"{&quot;background_background&quot;:&quot;classic&quot;}\">\n\t\t\t\t\t<div class=\"e-con-inner\">\n\t\t<div class=\"elementor-element elementor-element-f838a89 e-con-full e-flex elementor-invisible e-con e-child\" data-id=\"f838a89\" data-element_type=\"container\" data-e-type=\"container\" data-settings=\"{&quot;animation&quot;:&quot;fadeInUp&quot;}\">\n\t\t\t\t<div class=\"elementor-element elementor-element-e7bad93 elementor-widget elementor-widget-heading\" data-id=\"e7bad93\" data-element_type=\"widget\" data-e-type=\"widget\" data-widget_type=\"heading.default\">\n\t\t\t\t\t<h1 class=\"elementor-heading-title elementor-size-default\">FORMATIONS VIP<\/h1>\t\t\t\t<\/div>\n\t\t\t\t<div class=\"elementor-element elementor-element-c1f652c elementor-widget elementor-widget-heading\" data-id=\"c1f652c\" data-element_type=\"widget\" data-e-type=\"widget\" data-widget_type=\"heading.default\">\n\t\t\t\t\t<h2 class=\"elementor-heading-title elementor-size-default\">Deux parcours d\u2019excellence, un accompagnement individuel.<\/h2>\t\t\t\t<\/div>\n\t\t\t\t<div class=\"elementor-element elementor-element-2b8b077 elementor-widget elementor-widget-text-editor\" data-id=\"2b8b077\" data-element_type=\"widget\" data-e-type=\"widget\" data-widget_type=\"text-editor.default\">\n\t\t\t\t\t\t\t\t\t<p>L\u2019excellence ne se partage pas : une immersion totale, un accompagnement pr\u00e9cis et une formatrice enti\u00e8rement d\u00e9di\u00e9e \u00e0 votre progression.<\/p>\t\t\t\t\t\t\t\t<\/div>\n\t\t\t\t<div class=\"elementor-element elementor-element-e8b127f elementor-widget elementor-widget-spacer\" data-id=\"e8b127f\" data-element_type=\"widget\" data-e-type=\"widget\" data-widget_type=\"spacer.default\">\n\t\t\t\t\t\t\t<div class=\"elementor-spacer\">\n\t\t\t<div class=\"elementor-spacer-inner\"><\/div>\n\t\t<\/div>\n\t\t\t\t\t\t<\/div>\n\t\t<div class=\"elementor-element elementor-element-34d8339 e-grid e-con-full e-con e-child\" data-id=\"34d8339\" data-element_type=\"container\" data-e-type=\"container\">\n\t\t\t\t<div class=\"elementor-element elementor-element-1a3321c content-align-cta-center elementor-widget elementor-widget-eael-cta-box\" data-id=\"1a3321c\" data-element_type=\"widget\" data-e-type=\"widget\" data-widget_type=\"eael-cta-box.default\">\n\t\t\t\t\t\t\t<div class=\"eael-call-to-action cta-basic bg-lite cta-preset-1\">\n        <h2 class=\"title eael-cta-heading\">Formation Sourcils<\/h2><p>3 jours<\/p><p>Technique au choix : Poil \u00e0 poil ou Poudr\u00e9<\/p><p>Une immersion compl\u00e8te pour ma\u00eetriser l\u2019art du sourcil naturel et harmonieux.<\/p><a href=\"https:\/\/dermillusion.fr\/?page_id=2169\" class=\"cta-button cta-preset-1  \"><span class=\"btn-icon\"><svg aria-hidden=\"true\" class=\"e-font-icon-svg e-fas-arrow-right\" viewBox=\"0 0 448 512\" xmlns=\"http:\/\/www.w3.org\/2000\/svg\"><path d=\"M190.5 66.9l22.2-22.2c9.4-9.4 24.6-9.4 33.9 0L441 239c9.4 9.4 9.4 24.6 0 33.9L246.6 467.3c-9.4 9.4-24.6 9.4-33.9 0l-22.2-22.2c-9.5-9.5-9.3-25 .4-34.3L311.4 296H24c-13.3 0-24-10.7-24-24v-32c0-13.3 10.7-24 24-24h287.4L190.9 101.2c-9.8-9.3-10-24.8-.4-34.3z\"><\/path><\/svg><\/span>Acc\u00e8der \u00e0 la formation<\/a>\t<\/div>\n\t\t\t\t\t\t\t\t<\/div>\n\t\t\t\t<div class=\"elementor-element elementor-element-922feb1 content-align-cta-center elementor-widget elementor-widget-eael-cta-box\" data-id=\"922feb1\" data-element_type=\"widget\" data-e-type=\"widget\" data-widget_type=\"eael-cta-box.default\">\n\t\t\t\t\t\t\t<div class=\"eael-call-to-action cta-basic bg-lite cta-preset-1\">\n        <h2 class=\"title eael-cta-heading\">Formation Extensions de Cils UV\/LED <\/h2><p>2 jours<\/p><p>Cil \u00e0 cil \u2022 Volume russe \u2022 LED incluse<\/p><p>Une formation exclusive pour apprendre les techniques essentielles et la technologie LED<\/p><a href=\"https:\/\/dermillusion.fr\/?page_id=2140\" class=\"cta-button cta-preset-1  \"><span class=\"btn-icon\"><svg aria-hidden=\"true\" class=\"e-font-icon-svg e-fas-arrow-right\" viewBox=\"0 0 448 512\" xmlns=\"http:\/\/www.w3.org\/2000\/svg\"><path d=\"M190.5 66.9l22.2-22.2c9.4-9.4 24.6-9.4 33.9 0L441 239c9.4 9.4 9.4 24.6 0 33.9L246.6 467.3c-9.4 9.4-24.6 9.4-33.9 0l-22.2-22.2c-9.5-9.5-9.3-25 .4-34.3L311.4 296H24c-13.3 0-24-10.7-24-24v-32c0-13.3 10.7-24 24-24h287.4L190.9 101.2c-9.8-9.3-10-24.8-.4-34.3z\"><\/path><\/svg><\/span>Acc\u00e8der \u00e0 la formation<\/a>\t<\/div>\n\t\t\t\t\t\t\t\t<\/div>\n\t\t\t\t<\/div>\n\t\t\t\t<div class=\"elementor-element elementor-element-70418da elementor-widget elementor-widget-spacer\" data-id=\"70418da\" data-element_type=\"widget\" data-e-type=\"widget\" data-widget_type=\"spacer.default\">\n\t\t\t\t\t\t\t<div class=\"elementor-spacer\">\n\t\t\t<div class=\"elementor-spacer-inner\"><\/div>\n\t\t<\/div>\n\t\t\t\t\t\t<\/div>\n\t\t\t\t<div class=\"elementor-element elementor-element-faee96c elementor-widget elementor-widget-heading\" data-id=\"faee96c\" data-element_type=\"widget\" data-e-type=\"widget\" data-widget_type=\"heading.default\">\n\t\t\t\t\t<h3 class=\"elementor-heading-title elementor-size-default\">Module Business \u2013 Inclus dans chaque formation<\/h3>\t\t\t\t<\/div>\n\t\t\t\t<div class=\"elementor-element elementor-element-e66562d elementor-widget elementor-widget-text-editor\" data-id=\"e66562d\" data-element_type=\"widget\" data-e-type=\"widget\" data-widget_type=\"text-editor.default\">\n\t\t\t\t\t\t\t\t\t<p>Le module buisness est offert dans dans chaque formation pour vous lancer sereinement.<\/p><p>Cr\u00e9er son entreprise : d\u00e9marches, assurances, communication, tarifs, outils essentiels.<\/p>\t\t\t\t\t\t\t\t<\/div>\n\t\t\t\t<\/div>\n\t\t\t\t\t<\/div>\n\t\t\t\t<\/div>\n\t\t\t\t<\/div>\n\t\t","protected":false},"excerpt":{"rendered":"<p>FORMATIONS VIP Deux parcours d\u2019excellence, un accompagnement individuel. L\u2019excellence ne se partage pas : une immersion totale, un accompagnement pr\u00e9cis [&hellip;]<\/p>\n","protected":false},"author":1,"featured_media":0,"parent":0,"menu_order":0,"comment_status":"closed","ping_status":"closed","template":"","meta":{"_monsterinsights_skip_tracking":false,"_monsterinsights_sitenote_active":false,"_monsterinsights_sitenote_note":"","_monsterinsights_sitenote_category":0,"site-sidebar-layout":"no-sidebar","site-content-layout":"page-builder","ast-site-content-layout":"full-width-container","site-content-style":"default","site-sidebar-style":"default","ast-global-header-display":"","ast-banner-title-visibility":"","ast-main-header-display":"","ast-hfb-above-header-display":"","ast-hfb-below-header-display":"","ast-hfb-mobile-header-display":"","site-post-title":"disabled","ast-breadcrumbs-content":"","ast-featured-img":"disabled","footer-sml-layout":"","ast-disable-related-posts":"","theme-transparent-header-meta":"","adv-header-id-meta":"","stick-header-meta":"","header-above-stick-meta":"","header-main-stick-meta":"","header-below-stick-meta":"","astra-migrate-meta-layouts":"set","ast-page-background-enabled":"default","ast-page-background-meta":{"desktop":{"background-color":"var(--ast-global-color-4)","background-image":"","background-repeat":"repeat","background-position":"center center","background-size":"auto","background-attachment":"scroll","background-type":"","background-media":"","overlay-type":"","overlay-color":"","overlay-opacity":"","overlay-gradient":""},"tablet":{"background-color":"","background-image":"","background-repeat":"repeat","background-position":"center center","background-size":"auto","background-attachment":"scroll","background-type":"","background-media":"","overlay-type":"","overlay-color":"","overlay-opacity":"","overlay-gradient":""},"mobile":{"background-color":"","background-image":"","background-repeat":"repeat","background-position":"center center","background-size":"auto","background-attachment":"scroll","background-type":"","background-media":"","overlay-type":"","overlay-color":"","overlay-opacity":"","overlay-gradient":""}},"ast-content-background-meta":{"desktop":{"background-color":"var(--ast-global-color-5)","background-image":"","background-repeat":"repeat","background-position":"center center","background-size":"auto","background-attachment":"scroll","background-type":"","background-media":"","overlay-type":"","overlay-color":"","overlay-opacity":"","overlay-gradient":""},"tablet":{"background-color":"var(--ast-global-color-5)","background-image":"","background-repeat":"repeat","background-position":"center center","background-size":"auto","background-attachment":"scroll","background-type":"","background-media":"","overlay-type":"","overlay-color":"","overlay-opacity":"","overlay-gradient":""},"mobile":{"background-color":"var(--ast-global-color-5)","background-image":"","background-repeat":"repeat","background-position":"center center","background-size":"auto","background-attachment":"scroll","background-type":"","background-media":"","overlay-type":"","overlay-color":"","overlay-opacity":"","overlay-gradient":""}},"cybocfi_hide_featured_image":"","footnotes":""},"class_list":["post-2114","page","type-page","status-publish","hentry"],"yoast_head":"<!-- This site is optimized with the Yoast SEO plugin v27.5 - https:\/\/yoast.com\/product\/yoast-seo-wordpress\/ -->\n<title>formations vip - dermillusion.fr<\/title>\n<meta name=\"robots\" content=\"index, follow, max-snippet:-1, max-image-preview:large, max-video-preview:-1\" \/>\n<link rel=\"canonical\" href=\"https:\/\/dermillusion.fr\/?page_id=2114\" \/>\n<meta property=\"og:locale\" content=\"fr_FR\" \/>\n<meta property=\"og:type\" content=\"article\" \/>\n<meta property=\"og:title\" content=\"formations vip - dermillusion.fr\" \/>\n<meta property=\"og:description\" content=\"FORMATIONS VIP Deux parcours d\u2019excellence, un accompagnement individuel. L\u2019excellence ne se partage pas : une immersion totale, un accompagnement pr\u00e9cis [&hellip;]\" \/>\n<meta property=\"og:url\" content=\"https:\/\/dermillusion.fr\/?page_id=2114\" \/>\n<meta property=\"og:site_name\" content=\"dermillusion.fr\" \/>\n<meta property=\"article:modified_time\" content=\"2026-03-26T16:13:18+00:00\" \/>\n<meta name=\"twitter:card\" content=\"summary_large_image\" \/>\n<meta name=\"twitter:label1\" content=\"Dur\u00e9e de lecture estim\u00e9e\" \/>\n\t<meta name=\"twitter:data1\" content=\"1 minute\" \/>\n<script type=\"application\/ld+json\" class=\"yoast-schema-graph\">{\"@context\":\"https:\\\/\\\/schema.org\",\"@graph\":[{\"@type\":\"WebPage\",\"@id\":\"https:\\\/\\\/dermillusion.fr\\\/?page_id=2114\",\"url\":\"https:\\\/\\\/dermillusion.fr\\\/?page_id=2114\",\"name\":\"formations vip - dermillusion.fr\",\"isPartOf\":{\"@id\":\"https:\\\/\\\/dermillusion.fr\\\/#website\"},\"datePublished\":\"2026-02-27T11:44:54+00:00\",\"dateModified\":\"2026-03-26T16:13:18+00:00\",\"breadcrumb\":{\"@id\":\"https:\\\/\\\/dermillusion.fr\\\/?page_id=2114#breadcrumb\"},\"inLanguage\":\"fr-FR\",\"potentialAction\":[{\"@type\":\"ReadAction\",\"target\":[\"https:\\\/\\\/dermillusion.fr\\\/?page_id=2114\"]}]},{\"@type\":\"BreadcrumbList\",\"@id\":\"https:\\\/\\\/dermillusion.fr\\\/?page_id=2114#breadcrumb\",\"itemListElement\":[{\"@type\":\"ListItem\",\"position\":1,\"name\":\"Home\",\"item\":\"https:\\\/\\\/dermillusion.fr\\\/\"},{\"@type\":\"ListItem\",\"position\":2,\"name\":\"formations vip\"}]},{\"@type\":\"WebSite\",\"@id\":\"https:\\\/\\\/dermillusion.fr\\\/#website\",\"url\":\"https:\\\/\\\/dermillusion.fr\\\/\",\"name\":\"dermillusion.fr\",\"description\":\"Maquillage permanent\",\"publisher\":{\"@id\":\"https:\\\/\\\/dermillusion.fr\\\/#organization\"},\"potentialAction\":[{\"@type\":\"SearchAction\",\"target\":{\"@type\":\"EntryPoint\",\"urlTemplate\":\"https:\\\/\\\/dermillusion.fr\\\/?s={search_term_string}\"},\"query-input\":{\"@type\":\"PropertyValueSpecification\",\"valueRequired\":true,\"valueName\":\"search_term_string\"}}],\"inLanguage\":\"fr-FR\"},{\"@type\":\"Organization\",\"@id\":\"https:\\\/\\\/dermillusion.fr\\\/#organization\",\"name\":\"dermillusion.fr\",\"url\":\"https:\\\/\\\/dermillusion.fr\\\/\",\"logo\":{\"@type\":\"ImageObject\",\"inLanguage\":\"fr-FR\",\"@id\":\"https:\\\/\\\/dermillusion.fr\\\/#\\\/schema\\\/logo\\\/image\\\/\",\"url\":\"https:\\\/\\\/dermillusion.fr\\\/wp-content\\\/uploads\\\/2026\\\/03\\\/cropped-Design-sans-titre.png\",\"contentUrl\":\"https:\\\/\\\/dermillusion.fr\\\/wp-content\\\/uploads\\\/2026\\\/03\\\/cropped-Design-sans-titre.png\",\"width\":600,\"height\":325,\"caption\":\"dermillusion.fr\"},\"image\":{\"@id\":\"https:\\\/\\\/dermillusion.fr\\\/#\\\/schema\\\/logo\\\/image\\\/\"}}]}<\/script>\n<!-- \/ Yoast SEO plugin. -->","yoast_head_json":{"title":"formations vip - dermillusion.fr","robots":{"index":"index","follow":"follow","max-snippet":"max-snippet:-1","max-image-preview":"max-image-preview:large","max-video-preview":"max-video-preview:-1"},"canonical":"https:\/\/dermillusion.fr\/?page_id=2114","og_locale":"fr_FR","og_type":"article","og_title":"formations vip - dermillusion.fr","og_description":"FORMATIONS VIP Deux parcours d\u2019excellence, un accompagnement individuel. L\u2019excellence ne se partage pas : une immersion totale, un accompagnement pr\u00e9cis [&hellip;]","og_url":"https:\/\/dermillusion.fr\/?page_id=2114","og_site_name":"dermillusion.fr","article_modified_time":"2026-03-26T16:13:18+00:00","twitter_card":"summary_large_image","twitter_misc":{"Dur\u00e9e de lecture estim\u00e9e":"1 minute"},"schema":{"@context":"https:\/\/schema.org","@graph":[{"@type":"WebPage","@id":"https:\/\/dermillusion.fr\/?page_id=2114","url":"https:\/\/dermillusion.fr\/?page_id=2114","name":"formations vip - dermillusion.fr","isPartOf":{"@id":"https:\/\/dermillusion.fr\/#website"},"datePublished":"2026-02-27T11:44:54+00:00","dateModified":"2026-03-26T16:13:18+00:00","breadcrumb":{"@id":"https:\/\/dermillusion.fr\/?page_id=2114#breadcrumb"},"inLanguage":"fr-FR","potentialAction":[{"@type":"ReadAction","target":["https:\/\/dermillusion.fr\/?page_id=2114"]}]},{"@type":"BreadcrumbList","@id":"https:\/\/dermillusion.fr\/?page_id=2114#breadcrumb","itemListElement":[{"@type":"ListItem","position":1,"name":"Home","item":"https:\/\/dermillusion.fr\/"},{"@type":"ListItem","position":2,"name":"formations vip"}]},{"@type":"WebSite","@id":"https:\/\/dermillusion.fr\/#website","url":"https:\/\/dermillusion.fr\/","name":"dermillusion.fr","description":"Maquillage permanent","publisher":{"@id":"https:\/\/dermillusion.fr\/#organization"},"potentialAction":[{"@type":"SearchAction","target":{"@type":"EntryPoint","urlTemplate":"https:\/\/dermillusion.fr\/?s={search_term_string}"},"query-input":{"@type":"PropertyValueSpecification","valueRequired":true,"valueName":"search_term_string"}}],"inLanguage":"fr-FR"},{"@type":"Organization","@id":"https:\/\/dermillusion.fr\/#organization","name":"dermillusion.fr","url":"https:\/\/dermillusion.fr\/","logo":{"@type":"ImageObject","inLanguage":"fr-FR","@id":"https:\/\/dermillusion.fr\/#\/schema\/logo\/image\/","url":"https:\/\/dermillusion.fr\/wp-content\/uploads\/2026\/03\/cropped-Design-sans-titre.png","contentUrl":"https:\/\/dermillusion.fr\/wp-content\/uploads\/2026\/03\/cropped-Design-sans-titre.png","width":600,"height":325,"caption":"dermillusion.fr"},"image":{"@id":"https:\/\/dermillusion.fr\/#\/schema\/logo\/image\/"}}]}},"_links":{"self":[{"href":"https:\/\/dermillusion.fr\/index.php?rest_route=\/wp\/v2\/pages\/2114","targetHints":{"allow":["GET"]}}],"collection":[{"href":"https:\/\/dermillusion.fr\/index.php?rest_route=\/wp\/v2\/pages"}],"about":[{"href":"https:\/\/dermillusion.fr\/index.php?rest_route=\/wp\/v2\/types\/page"}],"author":[{"embeddable":true,"href":"https:\/\/dermillusion.fr\/index.php?rest_route=\/wp\/v2\/users\/1"}],"replies":[{"embeddable":true,"href":"https:\/\/dermillusion.fr\/index.php?rest_route=%2Fwp%2Fv2%2Fcomments&post=2114"}],"version-history":[{"count":49,"href":"https:\/\/dermillusion.fr\/index.php?rest_route=\/wp\/v2\/pages\/2114\/revisions"}],"predecessor-version":[{"id":3049,"href":"https:\/\/dermillusion.fr\/index.php?rest_route=\/wp\/v2\/pages\/2114\/revisions\/3049"}],"wp:attachment":[{"href":"https:\/\/dermillusion.fr\/index.php?rest_route=%2Fwp%2Fv2%2Fmedia&parent=2114"}],"curies":[{"name":"wp","href":"https:\/\/api.w.org\/{rel}","templated":true}]}}